{"id":1329,"date":"2010-11-16T14:19:19","date_gmt":"2010-11-16T13:19:19","guid":{"rendered":"http:\/\/mjc-combs-la-ville.com\/home\/?page_id=10"},"modified":"2025-11-21T10:59:44","modified_gmt":"2025-11-21T09:59:44","slug":"les-arts-plastiques","status":"publish","type":"page","link":"https:\/\/mjcloreillecassee.com\/home1\/les-arts-plastiques\/","title":{"rendered":"<h3 style=\"color: #ffffff;\">Arts plastiques<\/h3>"},"content":{"rendered":"<div class=\"wp-block-image\">\n<figure class=\"aligncenter size-full is-resized\"><img data-recalc-dims=\"1\" loading=\"lazy\" decoding=\"async\" width=\"800\" height=\"300\" src=\"https:\/\/i0.wp.com\/mjcloreillecassee.com\/home1\/wp-content\/uploads\/2025\/11\/OPENSTAGE-23.png?resize=800%2C300&#038;ssl=1\" alt=\"\" class=\"wp-image-6987\" style=\"width:707px;height:auto\" srcset=\"https:\/\/i0.wp.com\/mjcloreillecassee.com\/home1\/wp-content\/uploads\/2025\/11\/OPENSTAGE-23.png?w=800&amp;ssl=1 800w, https:\/\/i0.wp.com\/mjcloreillecassee.com\/home1\/wp-content\/uploads\/2025\/11\/OPENSTAGE-23.png?resize=300%2C113&amp;ssl=1 300w, https:\/\/i0.wp.com\/mjcloreillecassee.com\/home1\/wp-content\/uploads\/2025\/11\/OPENSTAGE-23.png?resize=150%2C56&amp;ssl=1 150w, https:\/\/i0.wp.com\/mjcloreillecassee.com\/home1\/wp-content\/uploads\/2025\/11\/OPENSTAGE-23.png?resize=768%2C288&amp;ssl=1 768w, https:\/\/i0.wp.com\/mjcloreillecassee.com\/home1\/wp-content\/uploads\/2025\/11\/OPENSTAGE-23.png?resize=250%2C94&amp;ssl=1 250w\" sizes=\"auto, (max-width: 800px) 100vw, 800px\" \/><\/figure><\/div>\n\n\n<p><strong><em>Avec Christophe RENAULT<\/em><\/strong><br><strong><em>A la Claveli\u00e8re, 8 rue de Lieusaint<\/em><\/strong><\/p>\n\n\n\n<p>Dipl\u00f4m\u00e9 des Beaux-Arts, Christophe Renault expose r\u00e9guli\u00e8rement dans les salons et les centres d&rsquo;arts. Il est membre de divers collectifs (H\u00e9lium, Singuli\u00e8re Sculpture, DF Art Project). <\/p>\n\n\n\n<p>&gt; <strong>7 \u00e0 12 ans<\/strong> \u2013 mercredi de 14h \u00e0 15h30 ou de 15h30 \u00e0 17h \/ 255\u20ac  +13\u20ac de cotisation<\/p>\n\n\n\n<p><strong>\u00ab\u00a0Le plaisir de cr\u00e9er\u00a0\u00bb &#8211; Initiation<\/strong><\/p>\n\n\n\n<p>Cet atelier se pr\u00e9sente comme une plateforme foisonnante d\u2019exp\u00e9rimentations artistiques, dans laquelle l\u2019enfant va pouvoir \u00e9panouir son imaginaire et sa cr\u00e9ativit\u00e9, via le dessin, la peinture et \u00e0 la fabrication d\u2019objets (modelage, assemblage, pyrogravure, etc.).<\/p>\n\n\n\n<p>> <strong>Ados<\/strong> \u2013 mercredi de 17h \u00e0 19h \/ 355\u20ac (mat\u00e9riel \u00e0 pr\u00e9voir) +13\u20ac de cotisation<\/p>\n\n\n\n<p><strong>\u00ab&nbsp;Apprendre \u00e0 se perfectionner&nbsp;\u00bb<\/strong><\/p>\n\n\n\n<p>Diverses techniques sont abord\u00e9es, tout en proposant une rencontre avec le monde de l\u2019Art&nbsp;:<\/p>\n\n\n\n<p>dessin (anatomie, paysage, composition\u2026),<br>\nvolume (carton, terre, pl\u00e2tre\u2026),<br>\nanimation \u00ab&nbsp;stop motion&nbsp;\u00bb ( cr\u00e9ation d&rsquo;une marionnette, \u00e9criture d&rsquo;un story-board, mise en animation image par image avec prise de vue)<\/p>\n\n\n\n<p>A l\u2019\u00e9coute des besoins de chacun, l\u2019atelier propose aussi l\u2019accompagnement de projets personnels (pr\u00e9paration du Bac Arts Plastiques, pr\u00e9paration aux concours des grandes \u00e9coles, etc.).<\/p>\n\n\n\n<p>&gt; A<strong>dultes<\/strong> \u2013 mercredi de 10h \u00e0 12h30 \/ 460\u20ac (mat\u00e9riel \u00e0 pr\u00e9voir) +13\u20ac de cotisation<\/p>\n\n\n\n<p><strong>\u00ab&nbsp;Exercer son observation pour la retranscrire artistiquement&nbsp;\u00bb<\/strong><\/p>\n\n\n\n<p>L\u2019atelier reprend les bases du dessin et de la peinture pour les approfondir\u00a0:<\/p>\n\n\n\n<ul class=\"wp-block-list\">\n<li>apprentissages d\u2019apr\u00e8s motifs ou d\u2019apr\u00e8s mod\u00e8les vivants (anatomie),<\/li>\n\n\n\n<li>pr\u00e9paration des supports et des outils,<\/li>\n\n\n\n<li>ma\u00eetrise des perspectives, de la composition, des couleurs et contrastes,<\/li>\n\n\n\n<li>recherche d\u2019un sujet et d\u2019un axe de peinture.<\/li>\n<\/ul>\n\n\n\n<p><\/p>\n","protected":false},"excerpt":{"rendered":"<p>Avec Christophe RENAULTA la Claveli\u00e8re, 8 rue de Lieusaint Dipl\u00f4m\u00e9 des Beaux-Arts, Christophe Renault expose r\u00e9guli\u00e8rement dans les salons et les centres d&rsquo;arts. Il est membre de divers collectifs (H\u00e9lium, Singuli\u00e8re Sculpture, DF Art Project). &gt; 7 \u00e0 12 ans \u2013 mercredi de 14h \u00e0 15h30 ou de 15h30 \u00e0&#8230;<\/p>\n<p> <a class=\"continue-reading-link\" href=\"https:\/\/mjcloreillecassee.com\/home1\/les-arts-plastiques\/\"><span>lire la suite<\/span><i class=\"crycon-right-dir\"><\/i><\/a> <\/p>\n","protected":false},"author":1,"featured_media":0,"parent":0,"menu_order":5,"comment_status":"closed","ping_status":"closed","template":"","meta":{"jetpack_post_was_ever_published":false,"footnotes":""},"class_list":["post-1329","page","type-page","status-publish","hentry"],"jetpack_sharing_enabled":true,"jetpack_shortlink":"https:\/\/wp.me\/PaMDLU-lr","_links":{"self":[{"href":"https:\/\/mjcloreillecassee.com\/home1\/wp-json\/wp\/v2\/pages\/1329","targetHints":{"allow":["GET"]}}],"collection":[{"href":"https:\/\/mjcloreillecassee.com\/home1\/wp-json\/wp\/v2\/pages"}],"about":[{"href":"https:\/\/mjcloreillecassee.com\/home1\/wp-json\/wp\/v2\/types\/page"}],"author":[{"embeddable":true,"href":"https:\/\/mjcloreillecassee.com\/home1\/wp-json\/wp\/v2\/users\/1"}],"replies":[{"embeddable":true,"href":"https:\/\/mjcloreillecassee.com\/home1\/wp-json\/wp\/v2\/comments?post=1329"}],"version-history":[{"count":17,"href":"https:\/\/mjcloreillecassee.com\/home1\/wp-json\/wp\/v2\/pages\/1329\/revisions"}],"predecessor-version":[{"id":6989,"href":"https:\/\/mjcloreillecassee.com\/home1\/wp-json\/wp\/v2\/pages\/1329\/revisions\/6989"}],"wp:attachment":[{"href":"https:\/\/mjcloreillecassee.com\/home1\/wp-json\/wp\/v2\/media?parent=1329"}],"curies":[{"name":"wp","href":"https:\/\/api.w.org\/{rel}","templated":true}]}}