{"id":1786,"date":"2010-11-30T02:50:38","date_gmt":"2010-11-30T01:50:38","guid":{"rendered":"http:\/\/mjc-combs-la-ville.com\/musique\/?page_id=15"},"modified":"2025-11-20T18:06:15","modified_gmt":"2025-11-20T17:06:15","slug":"guitare","status":"publish","type":"page","link":"https:\/\/mjcloreillecassee.com\/home1\/les-cours-collectifs\/guitare\/","title":{"rendered":"<h3 style=\"color: #ffffff;\">Guitare<\/h3>"},"content":{"rendered":"<div class=\"wp-block-image\">\n<figure class=\"aligncenter size-full is-resized\"><img data-recalc-dims=\"1\" loading=\"lazy\" decoding=\"async\" width=\"800\" height=\"300\" src=\"https:\/\/i0.wp.com\/mjcloreillecassee.com\/home1\/wp-content\/uploads\/2025\/11\/OPENSTAGE-10.png?resize=800%2C300&#038;ssl=1\" alt=\"\" class=\"wp-image-6918\" style=\"width:565px;height:auto\" srcset=\"https:\/\/i0.wp.com\/mjcloreillecassee.com\/home1\/wp-content\/uploads\/2025\/11\/OPENSTAGE-10.png?w=800&amp;ssl=1 800w, https:\/\/i0.wp.com\/mjcloreillecassee.com\/home1\/wp-content\/uploads\/2025\/11\/OPENSTAGE-10.png?resize=300%2C113&amp;ssl=1 300w, https:\/\/i0.wp.com\/mjcloreillecassee.com\/home1\/wp-content\/uploads\/2025\/11\/OPENSTAGE-10.png?resize=150%2C56&amp;ssl=1 150w, https:\/\/i0.wp.com\/mjcloreillecassee.com\/home1\/wp-content\/uploads\/2025\/11\/OPENSTAGE-10.png?resize=768%2C288&amp;ssl=1 768w, https:\/\/i0.wp.com\/mjcloreillecassee.com\/home1\/wp-content\/uploads\/2025\/11\/OPENSTAGE-10.png?resize=250%2C94&amp;ssl=1 250w\" sizes=\"auto, (max-width: 800px) 100vw, 800px\" \/><\/figure><\/div>\n\n<p><em><strong>Avec St\u00e9phane SIMON<\/strong><\/em><br \/>Ados \/ adultes &#8211; 470 \u20ac + 13\u20ac de cotisation \u2013 samedi de 12h \u00e0 13h<\/p>\n<p>Par une p\u00e9dagogie personnalis\u00e9e qui optimisera les progr\u00e8s de chacun, la guitare est abord\u00e9e de fa\u00e7on ludique \u00e0 partir de m\u00e9lodies et d&rsquo;accords simples comprenant pour les d\u00e9butants :<br \/>&#8211; le d\u00e9chiffrage (acqu\u00e9rir les r\u00e9flexes pour interpr\u00e9ter une partition ainsi que le codage musical\u2026)<br \/>&#8211; les accompagnements, le rythme, les cadences.<\/p>\n<p>\u2026 Et pour les plus aguerris :<br \/>&#8211; la technique (main gauche &#8211; main droite, gammes, intervalles, arp\u00e8ges, improvisation, phras\u00e9&#8230;)<br \/>&#8211; l\u2019\u00e9ducation de l&rsquo;oreille.<\/p>","protected":false},"excerpt":{"rendered":"<p>Avec St\u00e9phane SIMONAdos \/ adultes &#8211; 470 \u20ac + 13\u20ac de cotisation \u2013 samedi de 12h \u00e0 13h Par une p\u00e9dagogie personnalis\u00e9e qui optimisera les progr\u00e8s de chacun, la guitare est abord\u00e9e de fa\u00e7on ludique \u00e0 partir de m\u00e9lodies et d&rsquo;accords simples comprenant pour les d\u00e9butants :&#8211; le d\u00e9chiffrage (acqu\u00e9rir&#8230;<\/p>\n<p> <a class=\"continue-reading-link\" href=\"https:\/\/mjcloreillecassee.com\/home1\/les-cours-collectifs\/guitare\/\"><span>lire la suite<\/span><i class=\"crycon-right-dir\"><\/i><\/a> <\/p>\n","protected":false},"author":1,"featured_media":0,"parent":223,"menu_order":0,"comment_status":"closed","ping_status":"closed","template":"","meta":{"jetpack_post_was_ever_published":false,"footnotes":""},"class_list":["post-1786","page","type-page","status-publish","hentry"],"jetpack_sharing_enabled":true,"jetpack_shortlink":"https:\/\/wp.me\/PaMDLU-sO","_links":{"self":[{"href":"https:\/\/mjcloreillecassee.com\/home1\/wp-json\/wp\/v2\/pages\/1786","targetHints":{"allow":["GET"]}}],"collection":[{"href":"https:\/\/mjcloreillecassee.com\/home1\/wp-json\/wp\/v2\/pages"}],"about":[{"href":"https:\/\/mjcloreillecassee.com\/home1\/wp-json\/wp\/v2\/types\/page"}],"author":[{"embeddable":true,"href":"https:\/\/mjcloreillecassee.com\/home1\/wp-json\/wp\/v2\/users\/1"}],"replies":[{"embeddable":true,"href":"https:\/\/mjcloreillecassee.com\/home1\/wp-json\/wp\/v2\/comments?post=1786"}],"version-history":[{"count":16,"href":"https:\/\/mjcloreillecassee.com\/home1\/wp-json\/wp\/v2\/pages\/1786\/revisions"}],"predecessor-version":[{"id":6978,"href":"https:\/\/mjcloreillecassee.com\/home1\/wp-json\/wp\/v2\/pages\/1786\/revisions\/6978"}],"up":[{"embeddable":true,"href":"https:\/\/mjcloreillecassee.com\/home1\/wp-json\/wp\/v2\/pages\/223"}],"wp:attachment":[{"href":"https:\/\/mjcloreillecassee.com\/home1\/wp-json\/wp\/v2\/media?parent=1786"}],"curies":[{"name":"wp","href":"https:\/\/api.w.org\/{rel}","templated":true}]}}