{"id":1976,"date":"2016-11-24T18:43:03","date_gmt":"2016-11-24T17:43:03","guid":{"rendered":"http:\/\/mjcloreillecassee.com\/home\/?page_id=1976"},"modified":"2025-11-21T17:39:08","modified_gmt":"2025-11-21T16:39:08","slug":"guitare","status":"publish","type":"page","link":"https:\/\/mjcloreillecassee.com\/home1\/les-cours-individuels\/guitare\/","title":{"rendered":"<h5 style=\"color: #ffffff;\">Guitare<\/h5>"},"content":{"rendered":"<div class=\"wp-block-image\">\n<figure class=\"aligncenter size-full is-resized\"><img data-recalc-dims=\"1\" loading=\"lazy\" decoding=\"async\" width=\"800\" height=\"300\" src=\"https:\/\/i0.wp.com\/mjcloreillecassee.com\/home1\/wp-content\/uploads\/2025\/11\/OPENSTAGE-10.png?resize=800%2C300&#038;ssl=1\" alt=\"\" class=\"wp-image-6918\" style=\"width:629px;height:auto\" srcset=\"https:\/\/i0.wp.com\/mjcloreillecassee.com\/home1\/wp-content\/uploads\/2025\/11\/OPENSTAGE-10.png?w=800&amp;ssl=1 800w, https:\/\/i0.wp.com\/mjcloreillecassee.com\/home1\/wp-content\/uploads\/2025\/11\/OPENSTAGE-10.png?resize=300%2C113&amp;ssl=1 300w, https:\/\/i0.wp.com\/mjcloreillecassee.com\/home1\/wp-content\/uploads\/2025\/11\/OPENSTAGE-10.png?resize=150%2C56&amp;ssl=1 150w, https:\/\/i0.wp.com\/mjcloreillecassee.com\/home1\/wp-content\/uploads\/2025\/11\/OPENSTAGE-10.png?resize=768%2C288&amp;ssl=1 768w, https:\/\/i0.wp.com\/mjcloreillecassee.com\/home1\/wp-content\/uploads\/2025\/11\/OPENSTAGE-10.png?resize=250%2C94&amp;ssl=1 250w\" sizes=\"auto, (max-width: 800px) 100vw, 800px\" \/><\/figure><\/div>\n\n\n<p><strong><em>Avec St\u00e9phane SIMON<br><\/em><\/strong>A partir de 7 ans &#8211; 545 \u20ac + 13\u20ac de cotisation &#8211; 30 min \u2013 le lundi, mardi, mercredi ou samedi<\/p>\n\n\n\n<p><strong><em>Avec J\u00e9r\u00f4me PICARD<\/em><br><\/strong>A partir de 7 ans &#8211; 545 \u20ac + 13\u20ac de cotisation &#8211; 30 min \u2013 Le vendredi<\/p>\n\n\n\n<h3 class=\"wp-block-heading\">D\u00e9roulement des cours<\/h3>\n\n\n\n<p>Par une p\u00e9dagogie personnalis\u00e9e qui optimisera les progr\u00e8s de chacun, la guitare est abord\u00e9e de fa\u00e7on ludique \u00e0 partir de m\u00e9lodies et d&rsquo;accords simples comprenant pour les d\u00e9butants :<br>\n&#8211; le d\u00e9chiffrage (acqu\u00e9rir les r\u00e9flexes pour interpr\u00e9ter une partition ainsi que le codage musical\u2026)<br>\n&#8211; les accompagnements, le rythme, les cadences.<\/p>\n\n\n\n<p>\u2026 Et pour les plus aguerris :<br>\n&#8211; la technique (main gauche &#8211; main droite, gammes, intervalles, arp\u00e8ges, improvisation, phras\u00e9&#8230;)<br>\n&#8211; l\u2019\u00e9ducation de l&rsquo;oreille.<\/p>\n\n\n","protected":false},"excerpt":{"rendered":"<p>Avec St\u00e9phane SIMONA partir de 7 ans &#8211; 545 \u20ac + 13\u20ac de cotisation &#8211; 30 min \u2013 le lundi, mardi, mercredi ou samedi Avec J\u00e9r\u00f4me PICARDA partir de 7 ans &#8211; 545 \u20ac + 13\u20ac de cotisation &#8211; 30 min \u2013 Le vendredi D\u00e9roulement des cours Par une p\u00e9dagogie&#8230;<\/p>\n<p> <a class=\"continue-reading-link\" href=\"https:\/\/mjcloreillecassee.com\/home1\/les-cours-individuels\/guitare\/\"><span>lire la suite<\/span><i class=\"crycon-right-dir\"><\/i><\/a> <\/p>\n","protected":false},"author":1,"featured_media":0,"parent":1231,"menu_order":0,"comment_status":"closed","ping_status":"open","template":"","meta":{"footnotes":""},"class_list":["post-1976","page","type-page","status-publish","hentry"],"jetpack_sharing_enabled":true,"jetpack_shortlink":"https:\/\/wp.me\/PaMDLU-vS","_links":{"self":[{"href":"https:\/\/mjcloreillecassee.com\/home1\/wp-json\/wp\/v2\/pages\/1976","targetHints":{"allow":["GET"]}}],"collection":[{"href":"https:\/\/mjcloreillecassee.com\/home1\/wp-json\/wp\/v2\/pages"}],"about":[{"href":"https:\/\/mjcloreillecassee.com\/home1\/wp-json\/wp\/v2\/types\/page"}],"author":[{"embeddable":true,"href":"https:\/\/mjcloreillecassee.com\/home1\/wp-json\/wp\/v2\/users\/1"}],"replies":[{"embeddable":true,"href":"https:\/\/mjcloreillecassee.com\/home1\/wp-json\/wp\/v2\/comments?post=1976"}],"version-history":[{"count":19,"href":"https:\/\/mjcloreillecassee.com\/home1\/wp-json\/wp\/v2\/pages\/1976\/revisions"}],"predecessor-version":[{"id":7104,"href":"https:\/\/mjcloreillecassee.com\/home1\/wp-json\/wp\/v2\/pages\/1976\/revisions\/7104"}],"up":[{"embeddable":true,"href":"https:\/\/mjcloreillecassee.com\/home1\/wp-json\/wp\/v2\/pages\/1231"}],"wp:attachment":[{"href":"https:\/\/mjcloreillecassee.com\/home1\/wp-json\/wp\/v2\/media?parent=1976"}],"curies":[{"name":"wp","href":"https:\/\/api.w.org\/{rel}","templated":true}]}}