{"id":223,"date":"2010-11-28T17:55:44","date_gmt":"2010-11-28T16:55:44","guid":{"rendered":"http:\/\/mjc-combs-la-ville.com\/musique\/?page_id=5"},"modified":"2025-08-12T00:56:41","modified_gmt":"2025-08-11T22:56:41","slug":"les-cours-collectifs","status":"publish","type":"page","link":"https:\/\/mjcloreillecassee.com\/home1\/les-cours-collectifs\/","title":{"rendered":"Les cours collectifs"},"content":{"rendered":"<p><a href=\"https:\/\/i0.wp.com\/mjcloreillecassee.com\/home\/wp-content\/uploads\/2015\/05\/banniere-guitare-main.jpg\"><img data-recalc-dims=\"1\" loading=\"lazy\" decoding=\"async\" class=\"aligncenter wp-image-1432 size-large\" src=\"https:\/\/i0.wp.com\/mjcloreillecassee.com\/home1\/wp-content\/uploads\/2015\/05\/banniere-guitare-main-1-1024x313.jpg?resize=900%2C275&#038;ssl=1\" alt=\"banniere guitare main\" width=\"900\" height=\"275\" \/><\/a><\/p>\n<p>La MJC-l&rsquo;Oreille Cass\u00e9e vous propose les cours collectifs de musique suivants :<\/p>\n<ul>\n<li><a href=\"http:\/\/mjcloreillecassee.com\/home\/les-cours-collectifs\/chant-enfants\/\">Le chant<\/a><\/li>\n<li><a href=\"http:\/\/mjcloreillecassee.com\/home\/les-cours-collectifs\/guitare\/\">La guitare<\/a><\/li>\n<li><a href=\"http:\/\/mjcloreillecassee.com\/home\/les-cours-collectifs\/formation-musicale\/\">La formation musicale<\/a><\/li>\n<li><a href=\"http:\/\/mjcloreillecassee.com\/home\/les-cours-collectifs\/eveil-musical\/\">\u00c9veil musical<\/a><\/li>\n<li><a href=\"http:\/\/mjcloreillecassee.com\/home\/les-cours-collectifs\/percussions-africaines\/\">Percussions africaines<\/a><\/li>\n<li><a href=\"http:\/\/mjcloreillecassee.com\/home\/les-cours-collectifs\/percussions-bresiliennes\/\">Batucada (Percussions br\u00e9siliennes)<\/a><\/li>\n<\/ul>\n","protected":false},"excerpt":{"rendered":"<p>La MJC-l&rsquo;Oreille Cass\u00e9e vous propose les cours collectifs de musique suivants : Le chant La guitare La formation musicale \u00c9veil musical Percussions africaines Batucada (Percussions br\u00e9siliennes)<\/p>\n<p> <a class=\"continue-reading-link\" href=\"https:\/\/mjcloreillecassee.com\/home1\/les-cours-collectifs\/\"><span>lire la suite<\/span><i class=\"crycon-right-dir\"><\/i><\/a> <\/p>\n","protected":false},"author":1,"featured_media":0,"parent":0,"menu_order":0,"comment_status":"closed","ping_status":"closed","template":"","meta":{"jetpack_post_was_ever_published":false,"footnotes":""},"class_list":["post-223","page","type-page","status-publish","hentry"],"jetpack_sharing_enabled":true,"jetpack_shortlink":"https:\/\/wp.me\/PaMDLU-3B","_links":{"self":[{"href":"https:\/\/mjcloreillecassee.com\/home1\/wp-json\/wp\/v2\/pages\/223","targetHints":{"allow":["GET"]}}],"collection":[{"href":"https:\/\/mjcloreillecassee.com\/home1\/wp-json\/wp\/v2\/pages"}],"about":[{"href":"https:\/\/mjcloreillecassee.com\/home1\/wp-json\/wp\/v2\/types\/page"}],"author":[{"embeddable":true,"href":"https:\/\/mjcloreillecassee.com\/home1\/wp-json\/wp\/v2\/users\/1"}],"replies":[{"embeddable":true,"href":"https:\/\/mjcloreillecassee.com\/home1\/wp-json\/wp\/v2\/comments?post=223"}],"version-history":[{"count":4,"href":"https:\/\/mjcloreillecassee.com\/home1\/wp-json\/wp\/v2\/pages\/223\/revisions"}],"predecessor-version":[{"id":6238,"href":"https:\/\/mjcloreillecassee.com\/home1\/wp-json\/wp\/v2\/pages\/223\/revisions\/6238"}],"wp:attachment":[{"href":"https:\/\/mjcloreillecassee.com\/home1\/wp-json\/wp\/v2\/media?parent=223"}],"curies":[{"name":"wp","href":"https:\/\/api.w.org\/{rel}","templated":true}]}}