{"id":228,"date":"2010-11-28T17:56:02","date_gmt":"2010-11-28T16:56:02","guid":{"rendered":"http:\/\/mjc-combs-la-ville.com\/musique\/?page_id=6"},"modified":"2025-10-01T14:48:07","modified_gmt":"2025-10-01T12:48:07","slug":"les-orchestres","status":"publish","type":"page","link":"https:\/\/mjcloreillecassee.com\/home1\/les-orchestres\/","title":{"rendered":"Les orchestres"},"content":{"rendered":"<p><a href=\"https:\/\/i0.wp.com\/mjcloreillecassee.com\/home\/wp-content\/uploads\/2010\/11\/orchestre-latino.jpg\"><img data-recalc-dims=\"1\" loading=\"lazy\" decoding=\"async\" class=\"aligncenter wp-image-2286 size-full\" src=\"https:\/\/i0.wp.com\/mjcloreillecassee.com\/home1\/wp-content\/uploads\/2010\/11\/orchestre-latino-1.jpg?resize=900%2C272&#038;ssl=1\" alt=\"orchestre latino\" width=\"900\" height=\"272\" \/><\/a><\/p>\n<h3>OMJ<\/h3>\n<p>(Cr\u00e9ation musicale originale)<br \/>\nSt\u00e9phane Rault<br \/>\nTout public \u2013 120\u20ac + 13\u20ac de cotisation \/ <strong>Gratuit<\/strong> pour les adh\u00e9rents inscrit \u00e0 un cours d&rsquo;instrument &#8211; 10 s\u00e9ances dans l&rsquo;ann\u00e9e le dimanche de 10h00 \u00e0 14h00<br \/>\n+ les concerts<\/p>\n<h3>LATINO ORCHESTRA<\/h3>\n<p>(musique afro-cubaine)<br \/>\nFranklin Lozada<br \/>\nTout public \u2013 190\u20ac + 13\u20ac de cotisation \/ <strong>Gratuit<\/strong> pour les adh\u00e9rents inscrit \u00e0 un cours d&rsquo;instrument &#8211; 15 s\u00e9ances dans l\u2019ann\u00e9e le mercredi de 18h30 \u00e0 21h30<br \/>\n+ les concerts<\/p>\n<h3>ORCHESTRE JUNIOR<\/h3>\n<p>(R\u00e9pertoire musiques actuelles adapt\u00e9)<br \/>\nSt\u00e9phane Rault<br \/>\nJeunes de 10 \u00e0 18 ans \u2013 97\u20ac + 13\u20ac de cotisation \/ <strong>Gratuit<\/strong> pour les adh\u00e9rents inscrit \u00e0 un cours d&rsquo;instrument &#8211; 10 s\u00e9ances dans l&rsquo;ann\u00e9e le samedi de 10h00 \u00e0 12h30<br \/>\n+ les concerts<\/p>\n","protected":false},"excerpt":{"rendered":"<p>OMJ (Cr\u00e9ation musicale originale) St\u00e9phane Rault Tout public \u2013 120\u20ac + 13\u20ac de cotisation \/ Gratuit pour les adh\u00e9rents inscrit \u00e0 un cours d&rsquo;instrument &#8211; 10 s\u00e9ances dans l&rsquo;ann\u00e9e le dimanche de 10h00 \u00e0 14h00 + les concerts LATINO ORCHESTRA (musique afro-cubaine) Franklin Lozada Tout public \u2013 190\u20ac + 13\u20ac&#8230;<\/p>\n<p> <a class=\"continue-reading-link\" href=\"https:\/\/mjcloreillecassee.com\/home1\/les-orchestres\/\"><span>lire la suite<\/span><i class=\"crycon-right-dir\"><\/i><\/a> <\/p>\n","protected":false},"author":1,"featured_media":0,"parent":0,"menu_order":0,"comment_status":"closed","ping_status":"closed","template":"","meta":{"jetpack_post_was_ever_published":false,"footnotes":""},"class_list":["post-228","page","type-page","status-publish","hentry"],"jetpack_sharing_enabled":true,"jetpack_shortlink":"https:\/\/wp.me\/PaMDLU-3G","_links":{"self":[{"href":"https:\/\/mjcloreillecassee.com\/home1\/wp-json\/wp\/v2\/pages\/228","targetHints":{"allow":["GET"]}}],"collection":[{"href":"https:\/\/mjcloreillecassee.com\/home1\/wp-json\/wp\/v2\/pages"}],"about":[{"href":"https:\/\/mjcloreillecassee.com\/home1\/wp-json\/wp\/v2\/types\/page"}],"author":[{"embeddable":true,"href":"https:\/\/mjcloreillecassee.com\/home1\/wp-json\/wp\/v2\/users\/1"}],"replies":[{"embeddable":true,"href":"https:\/\/mjcloreillecassee.com\/home1\/wp-json\/wp\/v2\/comments?post=228"}],"version-history":[{"count":7,"href":"https:\/\/mjcloreillecassee.com\/home1\/wp-json\/wp\/v2\/pages\/228\/revisions"}],"predecessor-version":[{"id":6364,"href":"https:\/\/mjcloreillecassee.com\/home1\/wp-json\/wp\/v2\/pages\/228\/revisions\/6364"}],"wp:attachment":[{"href":"https:\/\/mjcloreillecassee.com\/home1\/wp-json\/wp\/v2\/media?parent=228"}],"curies":[{"name":"wp","href":"https:\/\/api.w.org\/{rel}","templated":true}]}}