{"id":230,"date":"2010-11-30T02:51:23","date_gmt":"2010-11-30T01:51:23","guid":{"rendered":"http:\/\/mjc-combs-la-ville.com\/musique\/?page_id=19"},"modified":"2025-11-20T15:22:14","modified_gmt":"2025-11-20T14:22:14","slug":"batterie","status":"publish","type":"page","link":"https:\/\/mjcloreillecassee.com\/home1\/les-cours-individuels\/batterie\/","title":{"rendered":"<h1 style=\"color: #ffffff;\">Batterie<\/h1>"},"content":{"rendered":"<div class=\"wp-block-image\">\n<figure class=\"aligncenter size-full is-resized\"><img data-recalc-dims=\"1\" loading=\"lazy\" decoding=\"async\" width=\"800\" height=\"300\" src=\"https:\/\/i0.wp.com\/mjcloreillecassee.com\/home1\/wp-content\/uploads\/2025\/11\/OPENSTAGE-12.png?resize=800%2C300&#038;ssl=1\" alt=\"\" class=\"wp-image-6921\" style=\"width:619px;height:auto\" srcset=\"https:\/\/i0.wp.com\/mjcloreillecassee.com\/home1\/wp-content\/uploads\/2025\/11\/OPENSTAGE-12.png?w=800&amp;ssl=1 800w, https:\/\/i0.wp.com\/mjcloreillecassee.com\/home1\/wp-content\/uploads\/2025\/11\/OPENSTAGE-12.png?resize=300%2C113&amp;ssl=1 300w, https:\/\/i0.wp.com\/mjcloreillecassee.com\/home1\/wp-content\/uploads\/2025\/11\/OPENSTAGE-12.png?resize=150%2C56&amp;ssl=1 150w, https:\/\/i0.wp.com\/mjcloreillecassee.com\/home1\/wp-content\/uploads\/2025\/11\/OPENSTAGE-12.png?resize=768%2C288&amp;ssl=1 768w, https:\/\/i0.wp.com\/mjcloreillecassee.com\/home1\/wp-content\/uploads\/2025\/11\/OPENSTAGE-12.png?resize=250%2C94&amp;ssl=1 250w\" sizes=\"auto, (max-width: 800px) 100vw, 800px\" \/><\/figure><\/div>\n\n\n<p><strong><em>Avec Thibault DELAFOSSE<\/em><\/strong><\/p>\n\n\n\n<p>A partir de 7 ans \u2013 545 \u20ac + 13\u20ac de cotisation &#8211; Cours de 30 minutes \u2013 Lundi, mardi<\/p>\n\n\n\n<p>Les cours de batterie propos\u00e9s \u00e0 la MJC s\u2019inscrivent dans une d\u00e9marche d\u2019\u00e9ducation populaire : rendre la pratique musicale accessible \u00e0 toutes et tous, quel que soit l\u2019\u00e2ge, le niveau ou le parcours. Chaque s\u00e9ance de 30 minutes est pens\u00e9e comme un moment de d\u00e9couverte, d\u2019expression et de plaisir partag\u00e9 autour du rythme.<br>Durant ces cours, les participant\u00b7e\u00b7s apprennent progressivement les bases de la batterie : tenue des baguettes, coordination, tempo, lecture rythmique simplifi\u00e9e, jeux sur les diff\u00e9rents \u00e9l\u00e9ments du kit. \u00c0 travers des exercices ludiques et des morceaux adapt\u00e9s, chacun peut d\u00e9velopper son sens du rythme, sa cr\u00e9ativit\u00e9 et sa confiance en soi.<\/p>\n\n\n\n<p>L\u2019objectif n\u2019est pas uniquement technique : il s\u2019agit aussi de favoriser l\u2019\u00e9coute collective, l\u2019expression personnelle et le plaisir de jouer. Dans un esprit bienveillant et inclusif, les \u00e9l\u00e8ves sont encourag\u00e9s \u00e0 avancer \u00e0 leur rythme, \u00e0 poser des questions et \u00e0 exp\u00e9rimenter. Les cours sont accessibles aux d\u00e9butant-e-s comme \u00e0 ceux et celles qui souhaitent approfondir leur pratique.<\/p>\n\n\n\n<p><\/p>\n","protected":false},"excerpt":{"rendered":"<p>Avec Thibault DELAFOSSE A partir de 7 ans \u2013 545 \u20ac + 13\u20ac de cotisation &#8211; Cours de 30 minutes \u2013 Lundi, mardi Les cours de batterie propos\u00e9s \u00e0 la MJC s\u2019inscrivent dans une d\u00e9marche d\u2019\u00e9ducation populaire : rendre la pratique musicale accessible \u00e0 toutes et tous, quel que soit&#8230;<\/p>\n<p> <a class=\"continue-reading-link\" href=\"https:\/\/mjcloreillecassee.com\/home1\/les-cours-individuels\/batterie\/\"><span>lire la suite<\/span><i class=\"crycon-right-dir\"><\/i><\/a> <\/p>\n","protected":false},"author":1,"featured_media":0,"parent":1231,"menu_order":0,"comment_status":"closed","ping_status":"closed","template":"","meta":{"jetpack_post_was_ever_published":false,"footnotes":""},"class_list":["post-230","page","type-page","status-publish","hentry"],"jetpack_sharing_enabled":true,"jetpack_shortlink":"https:\/\/wp.me\/PaMDLU-3I","_links":{"self":[{"href":"https:\/\/mjcloreillecassee.com\/home1\/wp-json\/wp\/v2\/pages\/230","targetHints":{"allow":["GET"]}}],"collection":[{"href":"https:\/\/mjcloreillecassee.com\/home1\/wp-json\/wp\/v2\/pages"}],"about":[{"href":"https:\/\/mjcloreillecassee.com\/home1\/wp-json\/wp\/v2\/types\/page"}],"author":[{"embeddable":true,"href":"https:\/\/mjcloreillecassee.com\/home1\/wp-json\/wp\/v2\/users\/1"}],"replies":[{"embeddable":true,"href":"https:\/\/mjcloreillecassee.com\/home1\/wp-json\/wp\/v2\/comments?post=230"}],"version-history":[{"count":13,"href":"https:\/\/mjcloreillecassee.com\/home1\/wp-json\/wp\/v2\/pages\/230\/revisions"}],"predecessor-version":[{"id":6923,"href":"https:\/\/mjcloreillecassee.com\/home1\/wp-json\/wp\/v2\/pages\/230\/revisions\/6923"}],"up":[{"embeddable":true,"href":"https:\/\/mjcloreillecassee.com\/home1\/wp-json\/wp\/v2\/pages\/1231"}],"wp:attachment":[{"href":"https:\/\/mjcloreillecassee.com\/home1\/wp-json\/wp\/v2\/media?parent=230"}],"curies":[{"name":"wp","href":"https:\/\/api.w.org\/{rel}","templated":true}]}}