{"id":27,"date":"2010-11-30T02:53:16","date_gmt":"2010-11-30T01:53:16","guid":{"rendered":"http:\/\/mjc-combs-la-ville.com\/musique\/?page_id=27"},"modified":"2025-11-20T17:56:47","modified_gmt":"2025-11-20T16:56:47","slug":"eveil-musical","status":"publish","type":"page","link":"https:\/\/mjcloreillecassee.com\/home1\/les-cours-collectifs\/eveil-musical\/","title":{"rendered":"<h3 style=\"color: #ffffff;\">Eveil musical<\/h3>"},"content":{"rendered":"\n<figure class=\"wp-block-image size-full\"><img data-recalc-dims=\"1\" loading=\"lazy\" decoding=\"async\" width=\"800\" height=\"300\" src=\"https:\/\/i0.wp.com\/mjcloreillecassee.com\/home1\/wp-content\/uploads\/2025\/11\/OPENSTAGE-19.png?resize=800%2C300&#038;ssl=1\" alt=\"\" class=\"wp-image-6968\" srcset=\"https:\/\/i0.wp.com\/mjcloreillecassee.com\/home1\/wp-content\/uploads\/2025\/11\/OPENSTAGE-19.png?w=800&amp;ssl=1 800w, https:\/\/i0.wp.com\/mjcloreillecassee.com\/home1\/wp-content\/uploads\/2025\/11\/OPENSTAGE-19.png?resize=300%2C113&amp;ssl=1 300w, https:\/\/i0.wp.com\/mjcloreillecassee.com\/home1\/wp-content\/uploads\/2025\/11\/OPENSTAGE-19.png?resize=150%2C56&amp;ssl=1 150w, https:\/\/i0.wp.com\/mjcloreillecassee.com\/home1\/wp-content\/uploads\/2025\/11\/OPENSTAGE-19.png?resize=768%2C288&amp;ssl=1 768w, https:\/\/i0.wp.com\/mjcloreillecassee.com\/home1\/wp-content\/uploads\/2025\/11\/OPENSTAGE-19.png?resize=250%2C94&amp;ssl=1 250w\" sizes=\"auto, (max-width: 800px) 100vw, 800px\" \/><\/figure>\n\n\n<p><em><strong>Avec Fran\u00e7ois BOUNIN<\/strong><\/em><br \/>de 3 \u00e0 6 ans \u2013 205 \u20ac + 13\u20ac de cotisation &#8211; le mercredi de 10h00 \u00e0 11h00<\/p>\n<p><strong>L\u2019\u00e9veil musical est la d\u00e9couverte du monde sonore par le jeu.<\/strong><br \/>L&rsquo;exploration du son et du rythme s\u2019appuient sur l\u2019aisance respiratoire et vocale, l\u2019expression corporelle, le geste instrumental, le geste graphique.<br \/>L&rsquo;\u00e9coute, toujours propos\u00e9e de mani\u00e8re active, s&rsquo;affine au fil du temps, permettant l&rsquo;installation d&rsquo;une aisance et d&rsquo;une v\u00e9ritable confiance. A la fin du cycle, le jeune \u00e9l\u00e8ve de sept ans sera \u00e0 m\u00eame d&rsquo;exprimer son d\u00e9sir de poursuivre ou non des \u00e9tudes musicales et, dans ce cas, choisir son instrument.<\/p>\n<p>\u00a0<\/p>","protected":false},"excerpt":{"rendered":"<p>Avec Fran\u00e7ois BOUNINde 3 \u00e0 6 ans \u2013 205 \u20ac + 13\u20ac de cotisation &#8211; le mercredi de 10h00 \u00e0 11h00 L\u2019\u00e9veil musical est la d\u00e9couverte du monde sonore par le jeu.L&rsquo;exploration du son et du rythme s\u2019appuient sur l\u2019aisance respiratoire et vocale, l\u2019expression corporelle, le geste instrumental, le geste&#8230;<\/p>\n<p> <a class=\"continue-reading-link\" href=\"https:\/\/mjcloreillecassee.com\/home1\/les-cours-collectifs\/eveil-musical\/\"><span>lire la suite<\/span><i class=\"crycon-right-dir\"><\/i><\/a> <\/p>\n","protected":false},"author":1,"featured_media":0,"parent":223,"menu_order":0,"comment_status":"closed","ping_status":"closed","template":"","meta":{"jetpack_post_was_ever_published":false,"footnotes":""},"class_list":["post-27","page","type-page","status-publish","hentry"],"jetpack_sharing_enabled":true,"jetpack_shortlink":"https:\/\/wp.me\/PaMDLU-r","_links":{"self":[{"href":"https:\/\/mjcloreillecassee.com\/home1\/wp-json\/wp\/v2\/pages\/27","targetHints":{"allow":["GET"]}}],"collection":[{"href":"https:\/\/mjcloreillecassee.com\/home1\/wp-json\/wp\/v2\/pages"}],"about":[{"href":"https:\/\/mjcloreillecassee.com\/home1\/wp-json\/wp\/v2\/types\/page"}],"author":[{"embeddable":true,"href":"https:\/\/mjcloreillecassee.com\/home1\/wp-json\/wp\/v2\/users\/1"}],"replies":[{"embeddable":true,"href":"https:\/\/mjcloreillecassee.com\/home1\/wp-json\/wp\/v2\/comments?post=27"}],"version-history":[{"count":15,"href":"https:\/\/mjcloreillecassee.com\/home1\/wp-json\/wp\/v2\/pages\/27\/revisions"}],"predecessor-version":[{"id":6969,"href":"https:\/\/mjcloreillecassee.com\/home1\/wp-json\/wp\/v2\/pages\/27\/revisions\/6969"}],"up":[{"embeddable":true,"href":"https:\/\/mjcloreillecassee.com\/home1\/wp-json\/wp\/v2\/pages\/223"}],"wp:attachment":[{"href":"https:\/\/mjcloreillecassee.com\/home1\/wp-json\/wp\/v2\/media?parent=27"}],"curies":[{"name":"wp","href":"https:\/\/api.w.org\/{rel}","templated":true}]}}