{"id":314,"date":"2010-11-16T14:17:23","date_gmt":"2010-11-16T13:17:23","guid":{"rendered":"http:\/\/mjc-combs-la-ville.com\/home\/?page_id=7"},"modified":"2025-11-21T14:28:35","modified_gmt":"2025-11-21T13:28:35","slug":"lassociation","status":"publish","type":"page","link":"https:\/\/mjcloreillecassee.com\/home1\/lassociation\/","title":{"rendered":"<h3 style=\"color: #ffffff;\">La vie associative<\/h3>"},"content":{"rendered":"<div class=\"wp-block-image\">\n<figure class=\"aligncenter size-full is-resized\"><img data-recalc-dims=\"1\" loading=\"lazy\" decoding=\"async\" width=\"800\" height=\"300\" src=\"https:\/\/i0.wp.com\/mjcloreillecassee.com\/home1\/wp-content\/uploads\/2025\/11\/OPENSTAGE-28.png?resize=800%2C300&#038;ssl=1\" alt=\"\" class=\"wp-image-7031\" style=\"width:680px;height:auto\" srcset=\"https:\/\/i0.wp.com\/mjcloreillecassee.com\/home1\/wp-content\/uploads\/2025\/11\/OPENSTAGE-28.png?w=800&amp;ssl=1 800w, https:\/\/i0.wp.com\/mjcloreillecassee.com\/home1\/wp-content\/uploads\/2025\/11\/OPENSTAGE-28.png?resize=300%2C113&amp;ssl=1 300w, https:\/\/i0.wp.com\/mjcloreillecassee.com\/home1\/wp-content\/uploads\/2025\/11\/OPENSTAGE-28.png?resize=150%2C56&amp;ssl=1 150w, https:\/\/i0.wp.com\/mjcloreillecassee.com\/home1\/wp-content\/uploads\/2025\/11\/OPENSTAGE-28.png?resize=768%2C288&amp;ssl=1 768w, https:\/\/i0.wp.com\/mjcloreillecassee.com\/home1\/wp-content\/uploads\/2025\/11\/OPENSTAGE-28.png?resize=250%2C94&amp;ssl=1 250w\" sizes=\"auto, (max-width: 800px) 100vw, 800px\" \/><\/figure><\/div>\n\n<p><strong>La MJC de Combs-la-Ville<\/strong>, cr\u00e9\u00e9e en <strong>1964<\/strong>, soutient et participe \u00e0 l\u2019action publique depuis son origine.<\/p>\n<p>L\u2019Oreille Cass\u00e9e, c\u2019est un lieu d\u2019\u00e9ducation artistique, une salle de concert, un secteur jeunesse tourn\u00e9 vers la culture et l\u2019accompagnement de projets, un p\u00f4le d\u2019animation et de d\u00e9bats.<\/p>\n<p>A partir de ces quatre grands secteurs d\u2019activit\u00e9s, elle d\u00e9veloppe une multitude d\u2019actions tourn\u00e9es vers le spectacle, le partage des savoirs, et le vivre ensemble.<\/p>\n<p><strong><em>\u00catre adh\u00e9rent-e \u00e0 la MJC, c&rsquo;est quoi ?\u00a0<\/em><\/strong><\/p>\n<p>C\u2019est pratiquer une ou plusieurs activit\u00e9s propos\u00e9es. Mais pas que\u00a0 \u2026 C\u2019est aussi pouvoir s\u2019impliquer b\u00e9n\u00e9volement dans les projets et les actions port\u00e9s par l\u2019association (concerts, d\u00e9bats, ateliers culturels\u2026).<\/p>\n<p><strong>C\u2019est participer \u00e0 sa vie d\u00e9mocratique\u00a0:<\/strong> donner son avis lors des r\u00e9unions et assembl\u00e9es, et devenir, pourquoi pas, membre du conseil d\u2019administration.<br \/><br \/><\/p>\n<p style=\"text-align: center;\"><strong>Le projet associatif<\/strong><\/p>\n<ul>\n<li><em><b>F<\/b><strong>avoriser l\u2019\u00e9panouissement et l\u2019\u00e9mancipation des personnes<\/strong><\/em><\/li>\n<\/ul>\n<p>Ouverte sur la Ville et ses habitants, la MJC est un lieu d\u2019accueil et d\u2019expression de tous. Chacun doit pouvoir s\u2019y sentir \u00e0 l\u2019aise, et avoir sa place au sein d\u2019un projet collectif.<\/p>\n<p>Au-del\u00e0 de son assembl\u00e9e g\u00e9n\u00e9rale et du conseil d\u2019administration, l\u2019association propose diff\u00e9rentes instances informelles ouvertes \u00e0 tous, et permettant un premier engagement b\u00e9n\u00e9vole, notamment aux plus jeunes.<\/p>\n<ul>\n<li><strong><em>\u00catre un lieu de p\u00e9dagogie, d\u2019apprentissage, et d\u2019enseignement tout au long de la vie<\/em><\/strong><\/li>\n<\/ul>\n<p>La MJC accompagne les pratiques amateurs pour tous les publics, et notamment les plus \u00e9loign\u00e9s de l\u2019expression artistique.<\/p>\n<p>Elle propose une approche compl\u00e9mentaire des pratiques entre amateurs et professionnels, permet le croisement des publics et des disciplines, et la d\u00e9couverte de toutes les cultures.<\/p>\n<ul>\n<li><strong><em>\u00catre un lieu de recherche, de cr\u00e9ation et d\u2019innovation permanent<\/em><\/strong><\/li>\n<\/ul>\n<p>Les professeurs, animateurs, intervenants, se forment aux diff\u00e9rentes approches p\u00e9dagogiques, r\u00e9pondant le mieux possible aux besoins et \u00e0 l\u2019\u00e9volution des participants.<\/p>\n<p>La MJC met en avant la recherche et la cr\u00e9ation (r\u00e9sidences artistiques, partenariats universitaires), et sensibilise le public aux pratiques alternatives.<\/p>\n<ul>\n<li><strong><em>\u00catre un acteur culturel et social<\/em><\/strong><\/li>\n<\/ul>\n<p>En prise directe avec son territoire, elle partage de nombreux projets avec ses partenaires locaux : Organisation du T\u00e9l\u00e9thon, soir\u00e9es th\u00e9matiques, animations et concerts hors-les-murs, sorties culturelles.<br \/><br \/><\/p>\n<div><em><strong>Le conseil d&rsquo;administration est compos\u00e9 de :<\/strong><\/em><\/div>\n<div>\u00a0<\/div>\n<div style=\"text-align: center;\">Martial Goetzmann <em>(Pr\u00e9sident)<\/em> &#8211; Patrick Vinot <em>(Tr\u00e9sorier)<\/em> &#8211; Laurence Moine <em>(Secr\u00e9taire)<\/em> -Pascal Strub Isabelle Wohmann &#8211; Fran\u00e7ois Gonod &#8211; Jean-Paul Poursin -Salima Metro &#8211; L\u00e9a Telusson<\/div>\n<div style=\"text-align: center;\">Monique Lafforge<\/div>\n<div>\u00a0<\/div>\n<div>\u00a0<\/div>\n<div><em><strong>Pour consulter nos derniers rapports :\u00a0<\/strong><\/em><\/div>\n\n\n<details class=\"wp-block-details is-layout-flow wp-block-details-is-layout-flow\"><summary>Rapport d&rsquo;activit\u00e9 2024<\/summary>\n<div data-wp-interactive=\"core\/file\" class=\"wp-block-file\"><object data-wp-bind--hidden=\"!state.hasPdfPreview\" hidden class=\"wp-block-file__embed\" data=\"https:\/\/mjcloreillecassee.com\/home1\/wp-content\/uploads\/2025\/11\/Rapport-dactivite-2024-1.pdf\" type=\"application\/pdf\" style=\"width:100%;height:600px\" aria-label=\"Contenu embarqu\u00e9 Rapport d&#039;activit\u00e9 2024.\"><\/object><a id=\"wp-block-file--media-2cef12ec-c5bc-404f-b3f2-2111dfa34ce1\" href=\"https:\/\/mjcloreillecassee.com\/home1\/wp-content\/uploads\/2025\/11\/Rapport-dactivite-2024-1.pdf\">Rapport d&rsquo;activit\u00e9 2024<\/a><a href=\"https:\/\/mjcloreillecassee.com\/home1\/wp-content\/uploads\/2025\/11\/Rapport-dactivite-2024-1.pdf\" class=\"wp-block-file__button wp-element-button\" download aria-describedby=\"wp-block-file--media-2cef12ec-c5bc-404f-b3f2-2111dfa34ce1\">T\u00e9l\u00e9charger<\/a><\/div>\n<\/details>\n\n\n\n<details class=\"wp-block-details is-layout-flow wp-block-details-is-layout-flow\"><summary>Rapport Moral 2024<\/summary>\n<div data-wp-interactive=\"core\/file\" class=\"wp-block-file\"><object data-wp-bind--hidden=\"!state.hasPdfPreview\" hidden class=\"wp-block-file__embed\" data=\"https:\/\/mjcloreillecassee.com\/home1\/wp-content\/uploads\/2025\/11\/Rapport-Moral-AG-2024.pdf\" type=\"application\/pdf\" style=\"width:100%;height:600px\" aria-label=\"Contenu embarqu\u00e9 Rapport Moral AG 2024.\"><\/object><a id=\"wp-block-file--media-a418cb46-f3b3-4b65-876f-5e7effc9134d\" href=\"https:\/\/mjcloreillecassee.com\/home1\/wp-content\/uploads\/2025\/11\/Rapport-Moral-AG-2024.pdf\">Rapport Moral AG 2024<\/a><a href=\"https:\/\/mjcloreillecassee.com\/home1\/wp-content\/uploads\/2025\/11\/Rapport-Moral-AG-2024.pdf\" class=\"wp-block-file__button wp-element-button\" download aria-describedby=\"wp-block-file--media-a418cb46-f3b3-4b65-876f-5e7effc9134d\">T\u00e9l\u00e9charger<\/a><\/div>\n<\/details>\n\n\n\n<ul class=\"wp-block-list\">\n<li><a href=\"https:\/\/mjcloreillecassee.com\/home1\/wp-content\/uploads\/2024\/10\/Rapport-dactivite-2023.pdf\" target=\"_blank\" rel=\"noreferrer noopener\">Rapport d&rsquo;activit\u00e9 2023<\/a><\/li>\n\n\n\n<li><a href=\"https:\/\/mjcloreillecassee.com\/home1\/wp-content\/uploads\/2024\/10\/Rapport-de-gestion-2023.pdf\" target=\"_blank\" rel=\"noreferrer noopener\">Rapport de gestion 2023<\/a><\/li>\n\n\n\n<li><a href=\"https:\/\/mjcloreillecassee.com\/home1\/wp-content\/uploads\/2024\/10\/Rapport-moral-2023.pdf\" target=\"_blank\" rel=\"noreferrer noopener\">Rapport moral 2023<\/a><\/li>\n<\/ul>\n\n\n\n<p><\/p>\n","protected":false},"excerpt":{"rendered":"<p>La MJC de Combs-la-Ville, cr\u00e9\u00e9e en 1964, soutient et participe \u00e0 l\u2019action publique depuis son origine. L\u2019Oreille Cass\u00e9e, c\u2019est un lieu d\u2019\u00e9ducation artistique, une salle de concert, un secteur jeunesse tourn\u00e9 vers la culture et l\u2019accompagnement de projets, un p\u00f4le d\u2019animation et de d\u00e9bats. A partir de ces quatre grands&#8230;<\/p>\n<p> <a class=\"continue-reading-link\" href=\"https:\/\/mjcloreillecassee.com\/home1\/lassociation\/\"><span>lire la suite<\/span><i class=\"crycon-right-dir\"><\/i><\/a> <\/p>\n","protected":false},"author":1,"featured_media":0,"parent":0,"menu_order":0,"comment_status":"closed","ping_status":"closed","template":"","meta":{"jetpack_post_was_ever_published":false,"footnotes":""},"class_list":["post-314","page","type-page","status-publish","hentry"],"jetpack_sharing_enabled":true,"jetpack_shortlink":"https:\/\/wp.me\/PaMDLU-54","_links":{"self":[{"href":"https:\/\/mjcloreillecassee.com\/home1\/wp-json\/wp\/v2\/pages\/314","targetHints":{"allow":["GET"]}}],"collection":[{"href":"https:\/\/mjcloreillecassee.com\/home1\/wp-json\/wp\/v2\/pages"}],"about":[{"href":"https:\/\/mjcloreillecassee.com\/home1\/wp-json\/wp\/v2\/types\/page"}],"author":[{"embeddable":true,"href":"https:\/\/mjcloreillecassee.com\/home1\/wp-json\/wp\/v2\/users\/1"}],"replies":[{"embeddable":true,"href":"https:\/\/mjcloreillecassee.com\/home1\/wp-json\/wp\/v2\/comments?post=314"}],"version-history":[{"count":14,"href":"https:\/\/mjcloreillecassee.com\/home1\/wp-json\/wp\/v2\/pages\/314\/revisions"}],"predecessor-version":[{"id":7037,"href":"https:\/\/mjcloreillecassee.com\/home1\/wp-json\/wp\/v2\/pages\/314\/revisions\/7037"}],"wp:attachment":[{"href":"https:\/\/mjcloreillecassee.com\/home1\/wp-json\/wp\/v2\/media?parent=314"}],"curies":[{"name":"wp","href":"https:\/\/api.w.org\/{rel}","templated":true}]}}