{"id":33,"date":"2010-11-30T02:54:23","date_gmt":"2010-11-30T01:54:23","guid":{"rendered":"http:\/\/mjc-combs-la-ville.com\/musique\/?page_id=33"},"modified":"2025-11-21T12:05:56","modified_gmt":"2025-11-21T11:05:56","slug":"percussions-bresiliennes","status":"publish","type":"page","link":"https:\/\/mjcloreillecassee.com\/home1\/les-cours-collectifs\/percussions-bresiliennes\/","title":{"rendered":"<h3 style=\"color: #ffffff;\">Batucada<\/h3>"},"content":{"rendered":"<div class=\"wp-block-image\">\n<figure class=\"aligncenter size-full is-resized\"><img data-recalc-dims=\"1\" loading=\"lazy\" decoding=\"async\" width=\"800\" height=\"300\" src=\"https:\/\/i0.wp.com\/mjcloreillecassee.com\/home1\/wp-content\/uploads\/2025\/11\/OPENSTAGE-24.png?resize=800%2C300&#038;ssl=1\" alt=\"\" class=\"wp-image-7004\" style=\"width:608px;height:auto\" srcset=\"https:\/\/i0.wp.com\/mjcloreillecassee.com\/home1\/wp-content\/uploads\/2025\/11\/OPENSTAGE-24.png?w=800&amp;ssl=1 800w, https:\/\/i0.wp.com\/mjcloreillecassee.com\/home1\/wp-content\/uploads\/2025\/11\/OPENSTAGE-24.png?resize=300%2C113&amp;ssl=1 300w, https:\/\/i0.wp.com\/mjcloreillecassee.com\/home1\/wp-content\/uploads\/2025\/11\/OPENSTAGE-24.png?resize=150%2C56&amp;ssl=1 150w, https:\/\/i0.wp.com\/mjcloreillecassee.com\/home1\/wp-content\/uploads\/2025\/11\/OPENSTAGE-24.png?resize=768%2C288&amp;ssl=1 768w, https:\/\/i0.wp.com\/mjcloreillecassee.com\/home1\/wp-content\/uploads\/2025\/11\/OPENSTAGE-24.png?resize=250%2C94&amp;ssl=1 250w\" sizes=\"auto, (max-width: 800px) 100vw, 800px\" \/><\/figure><\/div>\n\n\n<p><em><strong>Avec Thierry Chartier<\/strong><br><strong>A la Claveli\u00e8re, 8 rue de Lieusaint<\/strong><\/em><\/p>\n\n\n\n<p>Ados \/ adultes d\u00e9butants et interm\u00e9diaires \u2013 200\u20ac +13\u20ac de cotisation &#8211; le mercredi de 19h30 \u00e0 21h00<\/p>\n\n\n\n<p>Ados \/ adultes confirm\u00e9s \u2013 200\u20ac +13\u20ac de cotisation &#8211; le jeudi de 20h30 \u00e0 22h00<\/p>\n\n\n\n<p>Form\u00e9 aupr\u00e8s des grands ma\u00eetres de la percussion br\u00e9silienne, il dirige depuis de nombreuses ann\u00e9es des ateliers pour tous les publics et tous les niveaux. Il a form\u00e9 plusieurs Batucadas, pouvant compter jusqu\u2019\u00e0 200 musiciens \u2026<\/p>\n\n\n\n<p>D\u00e9roulement des cours :<\/p>\n\n\n\n<p>Par un apprentissage \u00e0 la fois ludique et tr\u00e8s structur\u00e9, cet atelier permet d\u2019acc\u00e9der \u00e0 la richesse des polyrythmies traditionnelles d\u2019Am\u00e9rique latine, \u00e0 travers des musiques de f\u00eate, de joie, et de partage.<\/p>\n\n\n\n<p><\/p>\n","protected":false},"excerpt":{"rendered":"<p>Avec Thierry ChartierA la Claveli\u00e8re, 8 rue de Lieusaint Ados \/ adultes d\u00e9butants et interm\u00e9diaires \u2013 200\u20ac +13\u20ac de cotisation &#8211; le mercredi de 19h30 \u00e0 21h00 Ados \/ adultes confirm\u00e9s \u2013 200\u20ac +13\u20ac de cotisation &#8211; le jeudi de 20h30 \u00e0 22h00 Form\u00e9 aupr\u00e8s des grands ma\u00eetres de la&#8230;<\/p>\n<p> <a class=\"continue-reading-link\" href=\"https:\/\/mjcloreillecassee.com\/home1\/les-cours-collectifs\/percussions-bresiliennes\/\"><span>lire la suite<\/span><i class=\"crycon-right-dir\"><\/i><\/a> <\/p>\n","protected":false},"author":1,"featured_media":0,"parent":223,"menu_order":0,"comment_status":"closed","ping_status":"closed","template":"","meta":{"jetpack_post_was_ever_published":false,"footnotes":""},"class_list":["post-33","page","type-page","status-publish","hentry"],"jetpack_sharing_enabled":true,"jetpack_shortlink":"https:\/\/wp.me\/PaMDLU-x","_links":{"self":[{"href":"https:\/\/mjcloreillecassee.com\/home1\/wp-json\/wp\/v2\/pages\/33","targetHints":{"allow":["GET"]}}],"collection":[{"href":"https:\/\/mjcloreillecassee.com\/home1\/wp-json\/wp\/v2\/pages"}],"about":[{"href":"https:\/\/mjcloreillecassee.com\/home1\/wp-json\/wp\/v2\/types\/page"}],"author":[{"embeddable":true,"href":"https:\/\/mjcloreillecassee.com\/home1\/wp-json\/wp\/v2\/users\/1"}],"replies":[{"embeddable":true,"href":"https:\/\/mjcloreillecassee.com\/home1\/wp-json\/wp\/v2\/comments?post=33"}],"version-history":[{"count":12,"href":"https:\/\/mjcloreillecassee.com\/home1\/wp-json\/wp\/v2\/pages\/33\/revisions"}],"predecessor-version":[{"id":7006,"href":"https:\/\/mjcloreillecassee.com\/home1\/wp-json\/wp\/v2\/pages\/33\/revisions\/7006"}],"up":[{"embeddable":true,"href":"https:\/\/mjcloreillecassee.com\/home1\/wp-json\/wp\/v2\/pages\/223"}],"wp:attachment":[{"href":"https:\/\/mjcloreillecassee.com\/home1\/wp-json\/wp\/v2\/media?parent=33"}],"curies":[{"name":"wp","href":"https:\/\/api.w.org\/{rel}","templated":true}]}}