{"id":3340,"date":"2019-07-27T17:07:17","date_gmt":"2019-07-27T15:07:17","guid":{"rendered":"http:\/\/mjcloreillecassee.com\/home1\/?page_id=3340"},"modified":"2025-11-20T17:20:29","modified_gmt":"2025-11-20T16:20:29","slug":"echecs","status":"publish","type":"page","link":"https:\/\/mjcloreillecassee.com\/home1\/echecs\/","title":{"rendered":"<h3 style=\"color: #ffffff;\">Echecs<\/h3>"},"content":{"rendered":"<div class=\"wp-block-image\">\n<figure class=\"aligncenter size-full is-resized\"><img data-recalc-dims=\"1\" loading=\"lazy\" decoding=\"async\" width=\"800\" height=\"300\" src=\"https:\/\/i0.wp.com\/mjcloreillecassee.com\/home1\/wp-content\/uploads\/2025\/11\/OPENSTAGE-17.png?resize=800%2C300&#038;ssl=1\" alt=\"\" class=\"wp-image-6952\" style=\"width:456px;height:auto\" srcset=\"https:\/\/i0.wp.com\/mjcloreillecassee.com\/home1\/wp-content\/uploads\/2025\/11\/OPENSTAGE-17.png?w=800&amp;ssl=1 800w, https:\/\/i0.wp.com\/mjcloreillecassee.com\/home1\/wp-content\/uploads\/2025\/11\/OPENSTAGE-17.png?resize=300%2C113&amp;ssl=1 300w, https:\/\/i0.wp.com\/mjcloreillecassee.com\/home1\/wp-content\/uploads\/2025\/11\/OPENSTAGE-17.png?resize=150%2C56&amp;ssl=1 150w, https:\/\/i0.wp.com\/mjcloreillecassee.com\/home1\/wp-content\/uploads\/2025\/11\/OPENSTAGE-17.png?resize=768%2C288&amp;ssl=1 768w, https:\/\/i0.wp.com\/mjcloreillecassee.com\/home1\/wp-content\/uploads\/2025\/11\/OPENSTAGE-17.png?resize=250%2C94&amp;ssl=1 250w\" sizes=\"auto, (max-width: 800px) 100vw, 800px\" \/><\/figure><\/div>\n\n\n<p><\/p>\n\n\n\n<p><strong><em>Avec Thierry JEAN<\/em><\/strong><\/p>\n\n\n\n<p>Apprendre les r\u00e8gles de base, la strat\u00e9gie et la tactique de jeu \u2026<br>Jouer en toute convivialit\u00e9, \u00e9changer, apprendre, quelque soit son niveau \u2026<\/p>\n\n\n\n<p>Le mercredi \u00e0 partir de 15h30 et jeudi \u00e0 partir de 20h30.<\/p>\n\n\n\n<p>Enfants et ados (\u00e0 partir de 7 ans) &#8211; 25\u20ac + 13\u20ac cotisation<br>Adultes &#8211; 30\u20ac + 13\u20ac cotisation<\/p>\n\n\n\n<p><\/p>\n","protected":false},"excerpt":{"rendered":"<p>Avec Thierry JEAN Apprendre les r\u00e8gles de base, la strat\u00e9gie et la tactique de jeu \u2026Jouer en toute convivialit\u00e9, \u00e9changer, apprendre, quelque soit son niveau \u2026 Le mercredi \u00e0 partir de 15h30 et jeudi \u00e0 partir de 20h30. Enfants et ados (\u00e0 partir de 7 ans) &#8211; 25\u20ac + 13\u20ac&#8230;<\/p>\n<p> <a class=\"continue-reading-link\" href=\"https:\/\/mjcloreillecassee.com\/home1\/echecs\/\"><span>lire la suite<\/span><i class=\"crycon-right-dir\"><\/i><\/a> <\/p>\n","protected":false},"author":1,"featured_media":0,"parent":0,"menu_order":0,"comment_status":"closed","ping_status":"closed","template":"","meta":{"jetpack_post_was_ever_published":false,"footnotes":""},"class_list":["post-3340","page","type-page","status-publish","hentry"],"jetpack_sharing_enabled":true,"jetpack_shortlink":"https:\/\/wp.me\/PaMDLU-RS","_links":{"self":[{"href":"https:\/\/mjcloreillecassee.com\/home1\/wp-json\/wp\/v2\/pages\/3340","targetHints":{"allow":["GET"]}}],"collection":[{"href":"https:\/\/mjcloreillecassee.com\/home1\/wp-json\/wp\/v2\/pages"}],"about":[{"href":"https:\/\/mjcloreillecassee.com\/home1\/wp-json\/wp\/v2\/types\/page"}],"author":[{"embeddable":true,"href":"https:\/\/mjcloreillecassee.com\/home1\/wp-json\/wp\/v2\/users\/1"}],"replies":[{"embeddable":true,"href":"https:\/\/mjcloreillecassee.com\/home1\/wp-json\/wp\/v2\/comments?post=3340"}],"version-history":[{"count":15,"href":"https:\/\/mjcloreillecassee.com\/home1\/wp-json\/wp\/v2\/pages\/3340\/revisions"}],"predecessor-version":[{"id":6957,"href":"https:\/\/mjcloreillecassee.com\/home1\/wp-json\/wp\/v2\/pages\/3340\/revisions\/6957"}],"wp:attachment":[{"href":"https:\/\/mjcloreillecassee.com\/home1\/wp-json\/wp\/v2\/media?parent=3340"}],"curies":[{"name":"wp","href":"https:\/\/api.w.org\/{rel}","templated":true}]}}