{"id":35,"date":"2010-11-30T02:56:03","date_gmt":"2010-11-30T01:56:03","guid":{"rendered":"http:\/\/mjc-combs-la-ville.com\/musique\/?page_id=35"},"modified":"2025-11-21T17:36:28","modified_gmt":"2025-11-21T16:36:28","slug":"creative-orchestra","status":"publish","type":"page","link":"https:\/\/mjcloreillecassee.com\/home1\/les-orchestres\/creative-orchestra\/","title":{"rendered":"<h1 style=\"color: #ffffff;\">OMJ<\/h1>"},"content":{"rendered":"<div class=\"wp-block-image\">\n<figure class=\"aligncenter size-full is-resized\"><img data-recalc-dims=\"1\" loading=\"lazy\" decoding=\"async\" width=\"800\" height=\"300\" src=\"https:\/\/i0.wp.com\/mjcloreillecassee.com\/home1\/wp-content\/uploads\/2025\/11\/OPENSTAGE-31.png?resize=800%2C300&#038;ssl=1\" alt=\"\" class=\"wp-image-7092\" style=\"width:419px;height:auto\" srcset=\"https:\/\/i0.wp.com\/mjcloreillecassee.com\/home1\/wp-content\/uploads\/2025\/11\/OPENSTAGE-31.png?w=800&amp;ssl=1 800w, https:\/\/i0.wp.com\/mjcloreillecassee.com\/home1\/wp-content\/uploads\/2025\/11\/OPENSTAGE-31.png?resize=300%2C113&amp;ssl=1 300w, https:\/\/i0.wp.com\/mjcloreillecassee.com\/home1\/wp-content\/uploads\/2025\/11\/OPENSTAGE-31.png?resize=150%2C56&amp;ssl=1 150w, https:\/\/i0.wp.com\/mjcloreillecassee.com\/home1\/wp-content\/uploads\/2025\/11\/OPENSTAGE-31.png?resize=768%2C288&amp;ssl=1 768w, https:\/\/i0.wp.com\/mjcloreillecassee.com\/home1\/wp-content\/uploads\/2025\/11\/OPENSTAGE-31.png?resize=250%2C94&amp;ssl=1 250w\" sizes=\"auto, (max-width: 800px) 100vw, 800px\" \/><\/figure><\/div>\n\n\n<p><strong><em>Dirig\u00e9 par St\u00e9phane Rault<\/em><\/strong><\/p>\n\n\n\n<p><strong>OMJ <\/strong>ou <strong>Orchestre Macrophage Jubilatoire<\/strong> a \u00e9t\u00e9 cr\u00e9\u00e9 \u00e0 l&rsquo;initiative de St\u00e9phane Rault il y a une vingtaine d&rsquo;ann\u00e9es. Le but \u00e9tant de faire se rencontrer des musicien-ne-s d&rsquo;univers, de niveaux et d&rsquo;\u00e2ges diff\u00e9rents, d&rsquo;\u00e9crire, d\u2019arranger en fonction de ces programme \u00e9crits sur mesure, pioch\u00e9s dans les musiques actuelles et le jazz.<\/p>\n\n\n\n<p><br> Tout public \u2013 120\u20ac + 13\u20ac de cotisation \/ GRATUIT si vous \u00eates inscrit dans un cours d&rsquo;instruments \u00e0 la MJC !<\/p>\n\n\n\n<p>10 s\u00e9ances, le dimanche de 10h \u00e0 14h +  3 concerts dans l&rsquo;ann\u00e9e<\/p>\n\n\n\n<p><\/p>\n","protected":false},"excerpt":{"rendered":"<p>Dirig\u00e9 par St\u00e9phane Rault OMJ ou Orchestre Macrophage Jubilatoire a \u00e9t\u00e9 cr\u00e9\u00e9 \u00e0 l&rsquo;initiative de St\u00e9phane Rault il y a une vingtaine d&rsquo;ann\u00e9es. Le but \u00e9tant de faire se rencontrer des musicien-ne-s d&rsquo;univers, de niveaux et d&rsquo;\u00e2ges diff\u00e9rents, d&rsquo;\u00e9crire, d\u2019arranger en fonction de ces programme \u00e9crits sur mesure, pioch\u00e9s dans&#8230;<\/p>\n<p> <a class=\"continue-reading-link\" href=\"https:\/\/mjcloreillecassee.com\/home1\/les-orchestres\/creative-orchestra\/\"><span>lire la suite<\/span><i class=\"crycon-right-dir\"><\/i><\/a> <\/p>\n","protected":false},"author":1,"featured_media":0,"parent":228,"menu_order":0,"comment_status":"closed","ping_status":"closed","template":"","meta":{"jetpack_post_was_ever_published":false,"footnotes":""},"class_list":["post-35","page","type-page","status-publish","hentry"],"jetpack_sharing_enabled":true,"jetpack_shortlink":"https:\/\/wp.me\/PaMDLU-z","_links":{"self":[{"href":"https:\/\/mjcloreillecassee.com\/home1\/wp-json\/wp\/v2\/pages\/35","targetHints":{"allow":["GET"]}}],"collection":[{"href":"https:\/\/mjcloreillecassee.com\/home1\/wp-json\/wp\/v2\/pages"}],"about":[{"href":"https:\/\/mjcloreillecassee.com\/home1\/wp-json\/wp\/v2\/types\/page"}],"author":[{"embeddable":true,"href":"https:\/\/mjcloreillecassee.com\/home1\/wp-json\/wp\/v2\/users\/1"}],"replies":[{"embeddable":true,"href":"https:\/\/mjcloreillecassee.com\/home1\/wp-json\/wp\/v2\/comments?post=35"}],"version-history":[{"count":13,"href":"https:\/\/mjcloreillecassee.com\/home1\/wp-json\/wp\/v2\/pages\/35\/revisions"}],"predecessor-version":[{"id":7096,"href":"https:\/\/mjcloreillecassee.com\/home1\/wp-json\/wp\/v2\/pages\/35\/revisions\/7096"}],"up":[{"embeddable":true,"href":"https:\/\/mjcloreillecassee.com\/home1\/wp-json\/wp\/v2\/pages\/228"}],"wp:attachment":[{"href":"https:\/\/mjcloreillecassee.com\/home1\/wp-json\/wp\/v2\/media?parent=35"}],"curies":[{"name":"wp","href":"https:\/\/api.w.org\/{rel}","templated":true}]}}