{"id":3882,"date":"2021-02-12T16:28:13","date_gmt":"2021-02-12T15:28:13","guid":{"rendered":"http:\/\/mjcloreillecassee.com\/home1\/?page_id=3882"},"modified":"2025-11-21T14:39:05","modified_gmt":"2025-11-21T13:39:05","slug":"benevolat","status":"publish","type":"page","link":"https:\/\/mjcloreillecassee.com\/home1\/benevolat\/","title":{"rendered":"<h3 style=\"color: #ffffff;\">B\u00e9n\u00e9volat<\/h3>"},"content":{"rendered":"<div class=\"wp-block-image\">\n<figure class=\"aligncenter size-full is-resized\"><img data-recalc-dims=\"1\" loading=\"lazy\" decoding=\"async\" width=\"800\" height=\"300\" src=\"https:\/\/i0.wp.com\/mjcloreillecassee.com\/home1\/wp-content\/uploads\/2025\/11\/OPENSTAGE-29.png?resize=800%2C300&#038;ssl=1\" alt=\"\" class=\"wp-image-7039\" style=\"width:536px;height:auto\" srcset=\"https:\/\/i0.wp.com\/mjcloreillecassee.com\/home1\/wp-content\/uploads\/2025\/11\/OPENSTAGE-29.png?w=800&amp;ssl=1 800w, https:\/\/i0.wp.com\/mjcloreillecassee.com\/home1\/wp-content\/uploads\/2025\/11\/OPENSTAGE-29.png?resize=300%2C113&amp;ssl=1 300w, https:\/\/i0.wp.com\/mjcloreillecassee.com\/home1\/wp-content\/uploads\/2025\/11\/OPENSTAGE-29.png?resize=150%2C56&amp;ssl=1 150w, https:\/\/i0.wp.com\/mjcloreillecassee.com\/home1\/wp-content\/uploads\/2025\/11\/OPENSTAGE-29.png?resize=768%2C288&amp;ssl=1 768w, https:\/\/i0.wp.com\/mjcloreillecassee.com\/home1\/wp-content\/uploads\/2025\/11\/OPENSTAGE-29.png?resize=250%2C94&amp;ssl=1 250w\" sizes=\"auto, (max-width: 800px) 100vw, 800px\" \/><\/figure><\/div>\n\n<p>Dans le cadre de son d\u00e9veloppement, la MJC recherche tout au long de la saison de nouveaux et nouvelles b\u00e9n\u00e9voles : Accueil, bar &amp; restauration, soutien aux \u00e9v\u00e8nements th\u00e9matiques, festival des cultures, cuisine, communication &#8230; <br \/>si vous souhaitez partager vos comp\u00e9tences, en acqu\u00e9rir de nouvelles et vous impliquer au sein d&rsquo;une association culturelle, n&rsquo;h\u00e9sitez pas \u00e0 nous contacter ou \u00e0 passer nous voir !<\/p>\n\n<div class=\"wp-block-image\">\n<figure class=\"aligncenter size-medium is-resized\"><img data-recalc-dims=\"1\" loading=\"lazy\" decoding=\"async\" width=\"300\" height=\"300\" src=\"https:\/\/i0.wp.com\/mjcloreillecassee.com\/home1\/wp-content\/uploads\/2025\/10\/QR-code-groupe-benevole.png?resize=300%2C300&#038;ssl=1\" alt=\"\" class=\"wp-image-6382\" style=\"width:216px;height:auto\" srcset=\"https:\/\/i0.wp.com\/mjcloreillecassee.com\/home1\/wp-content\/uploads\/2025\/10\/QR-code-groupe-benevole.png?resize=300%2C300&amp;ssl=1 300w, https:\/\/i0.wp.com\/mjcloreillecassee.com\/home1\/wp-content\/uploads\/2025\/10\/QR-code-groupe-benevole.png?resize=150%2C150&amp;ssl=1 150w, https:\/\/i0.wp.com\/mjcloreillecassee.com\/home1\/wp-content\/uploads\/2025\/10\/QR-code-groupe-benevole.png?resize=768%2C768&amp;ssl=1 768w, https:\/\/i0.wp.com\/mjcloreillecassee.com\/home1\/wp-content\/uploads\/2025\/10\/QR-code-groupe-benevole.png?w=1024&amp;ssl=1 1024w\" sizes=\"auto, (max-width: 300px) 100vw, 300px\" \/><\/figure><\/div>\n\n\n<p class=\"has-text-align-center\"><em><strong>Scannez le QR code pour int\u00e9grer le groupe Whats&rsquo;App des b\u00e9n\u00e9voles!<\/strong><\/em><\/p>\n","protected":false},"excerpt":{"rendered":"<p>Dans le cadre de son d\u00e9veloppement, la MJC recherche tout au long de la saison de nouveaux et nouvelles b\u00e9n\u00e9voles : Accueil, bar &amp; restauration, soutien aux \u00e9v\u00e8nements th\u00e9matiques, festival des cultures, cuisine, communication &#8230; si vous souhaitez partager vos comp\u00e9tences, en acqu\u00e9rir de nouvelles et vous impliquer au sein&#8230;<\/p>\n<p> <a class=\"continue-reading-link\" href=\"https:\/\/mjcloreillecassee.com\/home1\/benevolat\/\"><span>lire la suite<\/span><i class=\"crycon-right-dir\"><\/i><\/a> <\/p>\n","protected":false},"author":1,"featured_media":0,"parent":0,"menu_order":0,"comment_status":"closed","ping_status":"closed","template":"","meta":{"footnotes":""},"class_list":["post-3882","page","type-page","status-publish","hentry"],"jetpack_sharing_enabled":true,"jetpack_shortlink":"https:\/\/wp.me\/PaMDLU-10C","_links":{"self":[{"href":"https:\/\/mjcloreillecassee.com\/home1\/wp-json\/wp\/v2\/pages\/3882","targetHints":{"allow":["GET"]}}],"collection":[{"href":"https:\/\/mjcloreillecassee.com\/home1\/wp-json\/wp\/v2\/pages"}],"about":[{"href":"https:\/\/mjcloreillecassee.com\/home1\/wp-json\/wp\/v2\/types\/page"}],"author":[{"embeddable":true,"href":"https:\/\/mjcloreillecassee.com\/home1\/wp-json\/wp\/v2\/users\/1"}],"replies":[{"embeddable":true,"href":"https:\/\/mjcloreillecassee.com\/home1\/wp-json\/wp\/v2\/comments?post=3882"}],"version-history":[{"count":6,"href":"https:\/\/mjcloreillecassee.com\/home1\/wp-json\/wp\/v2\/pages\/3882\/revisions"}],"predecessor-version":[{"id":7042,"href":"https:\/\/mjcloreillecassee.com\/home1\/wp-json\/wp\/v2\/pages\/3882\/revisions\/7042"}],"wp:attachment":[{"href":"https:\/\/mjcloreillecassee.com\/home1\/wp-json\/wp\/v2\/media?parent=3882"}],"curies":[{"name":"wp","href":"https:\/\/api.w.org\/{rel}","templated":true}]}}