{"id":3904,"date":"2021-02-15T13:41:16","date_gmt":"2021-02-15T12:41:16","guid":{"rendered":"http:\/\/mjcloreillecassee.com\/home1\/?page_id=3904"},"modified":"2025-11-21T12:35:43","modified_gmt":"2025-11-21T11:35:43","slug":"concerts","status":"publish","type":"page","link":"https:\/\/mjcloreillecassee.com\/home1\/concerts\/","title":{"rendered":"<h3 style=\"color: #ffffff;\">Concerts<\/h3>"},"content":{"rendered":"<div class=\"wp-block-image\">\n<figure class=\"aligncenter size-full is-resized\"><img data-recalc-dims=\"1\" loading=\"lazy\" decoding=\"async\" width=\"800\" height=\"300\" src=\"https:\/\/i0.wp.com\/mjcloreillecassee.com\/home1\/wp-content\/uploads\/2025\/11\/OPENSTAGE-6.png?resize=800%2C300&#038;ssl=1\" alt=\"\" class=\"wp-image-6877\" style=\"width:635px;height:auto\" srcset=\"https:\/\/i0.wp.com\/mjcloreillecassee.com\/home1\/wp-content\/uploads\/2025\/11\/OPENSTAGE-6.png?w=800&amp;ssl=1 800w, https:\/\/i0.wp.com\/mjcloreillecassee.com\/home1\/wp-content\/uploads\/2025\/11\/OPENSTAGE-6.png?resize=300%2C113&amp;ssl=1 300w, https:\/\/i0.wp.com\/mjcloreillecassee.com\/home1\/wp-content\/uploads\/2025\/11\/OPENSTAGE-6.png?resize=150%2C56&amp;ssl=1 150w, https:\/\/i0.wp.com\/mjcloreillecassee.com\/home1\/wp-content\/uploads\/2025\/11\/OPENSTAGE-6.png?resize=768%2C288&amp;ssl=1 768w, https:\/\/i0.wp.com\/mjcloreillecassee.com\/home1\/wp-content\/uploads\/2025\/11\/OPENSTAGE-6.png?resize=250%2C94&amp;ssl=1 250w\" sizes=\"auto, (max-width: 800px) 100vw, 800px\" \/><\/figure><\/div>\n\n<p>Un vendredi par mois, la MJC vous ouvre ses portes pour vous d\u00e9couvrir divers artistes \/ groupes, dans des esth\u00e9tiques musicales \u00e9clectiques et vari\u00e9es !<\/p>\n<p>Pour toute demande de programmation, contactez Jeffrey \u00e0 mjcoreillecassee[at]gmail.com\u00a0<\/p>\n<p><em><strong>Gratuit pour les adh\u00e9rent-e-s &#8211; Cotisation annuelle \u00e0 13\u20ac\u00a0<\/strong><\/em><br \/><em>tarif non adh\u00e9rent-e-s<\/em> : 8\u20ac sur place \/ 6\u20ac en r\u00e9sa sur yurplan \/ Gratuit pour les moins de 15 ans sur justificatif<\/p>\n<p>\u00a0<\/p>\n\n\n<figure class=\"wp-block-gallery aligncenter has-nested-images columns-default is-cropped wp-block-gallery-1 is-layout-flex wp-block-gallery-is-layout-flex\">\n<figure class=\"wp-block-image size-large\"><img data-recalc-dims=\"1\" loading=\"lazy\" decoding=\"async\" width=\"900\" height=\"636\" data-id=\"6878\" src=\"https:\/\/i0.wp.com\/mjcloreillecassee.com\/home1\/wp-content\/uploads\/2025\/11\/BILLETTERIE-AU-BAR-1.png?resize=900%2C636&#038;ssl=1\" alt=\"\" class=\"wp-image-6878\" srcset=\"https:\/\/i0.wp.com\/mjcloreillecassee.com\/home1\/wp-content\/uploads\/2025\/11\/BILLETTERIE-AU-BAR-1.png?resize=1024%2C724&amp;ssl=1 1024w, https:\/\/i0.wp.com\/mjcloreillecassee.com\/home1\/wp-content\/uploads\/2025\/11\/BILLETTERIE-AU-BAR-1.png?resize=300%2C212&amp;ssl=1 300w, https:\/\/i0.wp.com\/mjcloreillecassee.com\/home1\/wp-content\/uploads\/2025\/11\/BILLETTERIE-AU-BAR-1.png?resize=150%2C106&amp;ssl=1 150w, https:\/\/i0.wp.com\/mjcloreillecassee.com\/home1\/wp-content\/uploads\/2025\/11\/BILLETTERIE-AU-BAR-1.png?resize=768%2C543&amp;ssl=1 768w, https:\/\/i0.wp.com\/mjcloreillecassee.com\/home1\/wp-content\/uploads\/2025\/11\/BILLETTERIE-AU-BAR-1.png?resize=1536%2C1086&amp;ssl=1 1536w, https:\/\/i0.wp.com\/mjcloreillecassee.com\/home1\/wp-content\/uploads\/2025\/11\/BILLETTERIE-AU-BAR-1.png?resize=212%2C150&amp;ssl=1 212w, https:\/\/i0.wp.com\/mjcloreillecassee.com\/home1\/wp-content\/uploads\/2025\/11\/BILLETTERIE-AU-BAR-1.png?w=2000&amp;ssl=1 2000w, https:\/\/i0.wp.com\/mjcloreillecassee.com\/home1\/wp-content\/uploads\/2025\/11\/BILLETTERIE-AU-BAR-1.png?w=1800&amp;ssl=1 1800w\" sizes=\"auto, (max-width: 900px) 100vw, 900px\" \/><\/figure>\n<\/figure>\n\n\n\n<p><\/p>\n","protected":false},"excerpt":{"rendered":"<p>Un vendredi par mois, la MJC vous ouvre ses portes pour vous d\u00e9couvrir divers artistes \/ groupes, dans des esth\u00e9tiques musicales \u00e9clectiques et vari\u00e9es ! Pour toute demande de programmation, contactez Jeffrey \u00e0 mjcoreillecassee[at]gmail.com\u00a0 Gratuit pour les adh\u00e9rent-e-s &#8211; Cotisation annuelle \u00e0 13\u20ac\u00a0tarif non adh\u00e9rent-e-s : 8\u20ac sur place \/&#8230;<\/p>\n<p> <a class=\"continue-reading-link\" href=\"https:\/\/mjcloreillecassee.com\/home1\/concerts\/\"><span>lire la suite<\/span><i class=\"crycon-right-dir\"><\/i><\/a> <\/p>\n","protected":false},"author":1,"featured_media":0,"parent":0,"menu_order":0,"comment_status":"closed","ping_status":"closed","template":"","meta":{"jetpack_post_was_ever_published":false,"footnotes":""},"class_list":["post-3904","page","type-page","status-publish","hentry"],"jetpack_sharing_enabled":true,"jetpack_shortlink":"https:\/\/wp.me\/PaMDLU-10Y","_links":{"self":[{"href":"https:\/\/mjcloreillecassee.com\/home1\/wp-json\/wp\/v2\/pages\/3904","targetHints":{"allow":["GET"]}}],"collection":[{"href":"https:\/\/mjcloreillecassee.com\/home1\/wp-json\/wp\/v2\/pages"}],"about":[{"href":"https:\/\/mjcloreillecassee.com\/home1\/wp-json\/wp\/v2\/types\/page"}],"author":[{"embeddable":true,"href":"https:\/\/mjcloreillecassee.com\/home1\/wp-json\/wp\/v2\/users\/1"}],"replies":[{"embeddable":true,"href":"https:\/\/mjcloreillecassee.com\/home1\/wp-json\/wp\/v2\/comments?post=3904"}],"version-history":[{"count":7,"href":"https:\/\/mjcloreillecassee.com\/home1\/wp-json\/wp\/v2\/pages\/3904\/revisions"}],"predecessor-version":[{"id":7010,"href":"https:\/\/mjcloreillecassee.com\/home1\/wp-json\/wp\/v2\/pages\/3904\/revisions\/7010"}],"wp:attachment":[{"href":"https:\/\/mjcloreillecassee.com\/home1\/wp-json\/wp\/v2\/media?parent=3904"}],"curies":[{"name":"wp","href":"https:\/\/api.w.org\/{rel}","templated":true}]}}