{"id":4543,"date":"2022-06-24T15:13:53","date_gmt":"2022-06-24T13:13:53","guid":{"rendered":"https:\/\/mjcloreillecassee.com\/home1\/?page_id=4543"},"modified":"2025-11-20T15:56:55","modified_gmt":"2025-11-20T14:56:55","slug":"violoncelle","status":"publish","type":"page","link":"https:\/\/mjcloreillecassee.com\/home1\/les-cours-individuels\/violoncelle\/","title":{"rendered":"<h3 style=\"color: #ffffff;\">Violoncelle<\/h3>"},"content":{"rendered":"\n<figure class=\"wp-block-image size-full\"><img data-recalc-dims=\"1\" loading=\"lazy\" decoding=\"async\" width=\"800\" height=\"100\" src=\"https:\/\/i0.wp.com\/mjcloreillecassee.com\/home1\/wp-content\/uploads\/2025\/11\/OPENSTAGE-800-x-100-px-1.png?resize=800%2C100&#038;ssl=1\" alt=\"\" class=\"wp-image-6938\" srcset=\"https:\/\/i0.wp.com\/mjcloreillecassee.com\/home1\/wp-content\/uploads\/2025\/11\/OPENSTAGE-800-x-100-px-1.png?w=800&amp;ssl=1 800w, https:\/\/i0.wp.com\/mjcloreillecassee.com\/home1\/wp-content\/uploads\/2025\/11\/OPENSTAGE-800-x-100-px-1.png?resize=300%2C38&amp;ssl=1 300w, https:\/\/i0.wp.com\/mjcloreillecassee.com\/home1\/wp-content\/uploads\/2025\/11\/OPENSTAGE-800-x-100-px-1.png?resize=150%2C19&amp;ssl=1 150w, https:\/\/i0.wp.com\/mjcloreillecassee.com\/home1\/wp-content\/uploads\/2025\/11\/OPENSTAGE-800-x-100-px-1.png?resize=768%2C96&amp;ssl=1 768w, https:\/\/i0.wp.com\/mjcloreillecassee.com\/home1\/wp-content\/uploads\/2025\/11\/OPENSTAGE-800-x-100-px-1.png?resize=250%2C31&amp;ssl=1 250w\" sizes=\"auto, (max-width: 800px) 100vw, 800px\" \/><\/figure>\n\n\n<p><em><strong><br \/>Avec Anne-France PIGNAL<\/strong><\/em><\/p>\n<p>A partir de 7 ans \u2013 545 \u20ac + 13\u20ac de cotisation &#8211; Cours de 30 minutes \u2013 Mercredi<\/p>\n<p data-start=\"210\" data-end=\"566\">Les cours de violoncelle propos\u00e9s \u00e0 la MJC s\u2019inscrivent dans une d\u00e9marche d\u2019\u00e9ducation populaire : permettre \u00e0 chacun\u00b7e d\u2019acc\u00e9der \u00e0 la musique et de d\u00e9couvrir un instrument riche, expressif et chaleureux. Chaque s\u00e9ance de 30 minutes offre un moment privil\u00e9gi\u00e9 pour apprendre, exp\u00e9rimenter et progresser \u00e0 son rythme, dans un cadre convivial et bienveillant.<\/p>\n<p data-start=\"568\" data-end=\"897\">Au fil des cours, les participant\u00b7e\u00b7s d\u00e9couvrent les bases essentielles du violoncelle : tenue de l\u2019archet, position du corps, production du son, placement des doigts, \u00e9coute de la justesse. \u00c0 travers des exercices simples, des jeux d\u2019oreille et des morceaux adapt\u00e9s, chacun-e peut d\u00e9velopper sa musicalit\u00e9 et son plaisir de jouer.<\/p>\n<p data-start=\"899\" data-end=\"1259\">L\u2019objectif est autant artistique que p\u00e9dagogique : encourager l\u2019expression personnelle, la curiosit\u00e9 et l\u2019autonomie, tout en transmettant les fondements techniques qui permettent d\u2019appr\u00e9cier pleinement l\u2019instrument. D\u00e9butant\u00b7e\u00b7s ou musicien\u00b7ne\u00b7s d\u00e9j\u00e0 initi\u00e9\u00b7e\u00b7s sont les bienvenu\u00b7e\u00b7s, l\u2019accompagnement \u00e9tant individualis\u00e9 selon les besoins et envies de chacun.<\/p>\n\n\n<p><\/p>\n","protected":false},"excerpt":{"rendered":"<p>Avec Anne-France PIGNAL A partir de 7 ans \u2013 545 \u20ac + 13\u20ac de cotisation &#8211; Cours de 30 minutes \u2013 Mercredi Les cours de violoncelle propos\u00e9s \u00e0 la MJC s\u2019inscrivent dans une d\u00e9marche d\u2019\u00e9ducation populaire : permettre \u00e0 chacun\u00b7e d\u2019acc\u00e9der \u00e0 la musique et de d\u00e9couvrir un instrument riche,&#8230;<\/p>\n<p> <a class=\"continue-reading-link\" href=\"https:\/\/mjcloreillecassee.com\/home1\/les-cours-individuels\/violoncelle\/\"><span>lire la suite<\/span><i class=\"crycon-right-dir\"><\/i><\/a> <\/p>\n","protected":false},"author":1,"featured_media":0,"parent":1231,"menu_order":0,"comment_status":"closed","ping_status":"closed","template":"","meta":{"jetpack_post_was_ever_published":false,"footnotes":""},"class_list":["post-4543","page","type-page","status-publish","hentry"],"jetpack_sharing_enabled":true,"jetpack_shortlink":"https:\/\/wp.me\/PaMDLU-1bh","_links":{"self":[{"href":"https:\/\/mjcloreillecassee.com\/home1\/wp-json\/wp\/v2\/pages\/4543","targetHints":{"allow":["GET"]}}],"collection":[{"href":"https:\/\/mjcloreillecassee.com\/home1\/wp-json\/wp\/v2\/pages"}],"about":[{"href":"https:\/\/mjcloreillecassee.com\/home1\/wp-json\/wp\/v2\/types\/page"}],"author":[{"embeddable":true,"href":"https:\/\/mjcloreillecassee.com\/home1\/wp-json\/wp\/v2\/users\/1"}],"replies":[{"embeddable":true,"href":"https:\/\/mjcloreillecassee.com\/home1\/wp-json\/wp\/v2\/comments?post=4543"}],"version-history":[{"count":8,"href":"https:\/\/mjcloreillecassee.com\/home1\/wp-json\/wp\/v2\/pages\/4543\/revisions"}],"predecessor-version":[{"id":6940,"href":"https:\/\/mjcloreillecassee.com\/home1\/wp-json\/wp\/v2\/pages\/4543\/revisions\/6940"}],"up":[{"embeddable":true,"href":"https:\/\/mjcloreillecassee.com\/home1\/wp-json\/wp\/v2\/pages\/1231"}],"wp:attachment":[{"href":"https:\/\/mjcloreillecassee.com\/home1\/wp-json\/wp\/v2\/media?parent=4543"}],"curies":[{"name":"wp","href":"https:\/\/api.w.org\/{rel}","templated":true}]}}