{"id":4568,"date":"2022-06-25T14:41:43","date_gmt":"2022-06-25T12:41:43","guid":{"rendered":"https:\/\/mjcloreillecassee.com\/home1\/?page_id=4568"},"modified":"2025-10-01T14:49:01","modified_gmt":"2025-10-01T12:49:01","slug":"orchestre-junior","status":"publish","type":"page","link":"https:\/\/mjcloreillecassee.com\/home1\/les-orchestres\/orchestre-junior\/","title":{"rendered":"Orchestre junior"},"content":{"rendered":"\n<figure class=\"wp-block-image size-large\"><img data-recalc-dims=\"1\" height=\"272\" width=\"900\" decoding=\"async\" src=\"https:\/\/i0.wp.com\/mjcloreillecassee.com\/home1\/wp-content\/uploads\/2015\/03\/banni%C3%A8re-misique-1-1024x309.jpg?resize=900%2C272&#038;ssl=1\" alt=\"\" class=\"wp-image-1424\"\/><figcaption class=\"wp-element-caption\">\t\t\t\t\t\t<\/figcaption><\/figure>\n\n\n<p>R\u00e9pertoire musiques actuelles adapt\u00e9<\/p>\n<p>Dirig\u00e9 par St\u00e9phane Rault<br \/>Jeunes de 10 \u00e0 18 ans \u2013 97\u20ac + 13\u20ac de cotisation \/ GRATUIT pour les adh\u00e9rents inscrits \u00e0 un cours d&rsquo;instrument<\/p>\n<p>10 s\u00e9ances dans l\u2019ann\u00e9e, le samedi de 10h \u00e0 12h30 + les concerts<\/p>","protected":false},"excerpt":{"rendered":"<p>R\u00e9pertoire musiques actuelles adapt\u00e9 Dirig\u00e9 par St\u00e9phane RaultJeunes de 10 \u00e0 18 ans \u2013 97\u20ac + 13\u20ac de cotisation \/ GRATUIT pour les adh\u00e9rents inscrits \u00e0 un cours d&rsquo;instrument 10 s\u00e9ances dans l\u2019ann\u00e9e, le samedi de 10h \u00e0 12h30 + les concerts<\/p>\n<p> <a class=\"continue-reading-link\" href=\"https:\/\/mjcloreillecassee.com\/home1\/les-orchestres\/orchestre-junior\/\"><span>lire la suite<\/span><i class=\"crycon-right-dir\"><\/i><\/a> <\/p>\n","protected":false},"author":1,"featured_media":0,"parent":228,"menu_order":0,"comment_status":"closed","ping_status":"closed","template":"","meta":{"jetpack_post_was_ever_published":false,"footnotes":""},"class_list":["post-4568","page","type-page","status-publish","hentry"],"jetpack_sharing_enabled":true,"jetpack_shortlink":"https:\/\/wp.me\/PaMDLU-1bG","_links":{"self":[{"href":"https:\/\/mjcloreillecassee.com\/home1\/wp-json\/wp\/v2\/pages\/4568","targetHints":{"allow":["GET"]}}],"collection":[{"href":"https:\/\/mjcloreillecassee.com\/home1\/wp-json\/wp\/v2\/pages"}],"about":[{"href":"https:\/\/mjcloreillecassee.com\/home1\/wp-json\/wp\/v2\/types\/page"}],"author":[{"embeddable":true,"href":"https:\/\/mjcloreillecassee.com\/home1\/wp-json\/wp\/v2\/users\/1"}],"replies":[{"embeddable":true,"href":"https:\/\/mjcloreillecassee.com\/home1\/wp-json\/wp\/v2\/comments?post=4568"}],"version-history":[{"count":5,"href":"https:\/\/mjcloreillecassee.com\/home1\/wp-json\/wp\/v2\/pages\/4568\/revisions"}],"predecessor-version":[{"id":6367,"href":"https:\/\/mjcloreillecassee.com\/home1\/wp-json\/wp\/v2\/pages\/4568\/revisions\/6367"}],"up":[{"embeddable":true,"href":"https:\/\/mjcloreillecassee.com\/home1\/wp-json\/wp\/v2\/pages\/228"}],"wp:attachment":[{"href":"https:\/\/mjcloreillecassee.com\/home1\/wp-json\/wp\/v2\/media?parent=4568"}],"curies":[{"name":"wp","href":"https:\/\/api.w.org\/{rel}","templated":true}]}}