{"id":4585,"date":"2022-06-25T17:31:14","date_gmt":"2022-06-25T15:31:14","guid":{"rendered":"https:\/\/mjcloreillecassee.com\/home1\/?page_id=4585"},"modified":"2025-11-20T17:14:21","modified_gmt":"2025-11-20T16:14:21","slug":"atelier-bien-etre-parents-enfants","status":"publish","type":"page","link":"https:\/\/mjcloreillecassee.com\/home1\/atelier-bien-etre-parents-enfants\/","title":{"rendered":"<h4 style=\"color: #ffffff;\">Atelier \u00ab\u00a0Bien-\u00eatre\u00a0\u00bb parents enfants<\/h4>"},"content":{"rendered":"<div class=\"wp-block-image\">\n<figure class=\"aligncenter size-full is-resized\"><img data-recalc-dims=\"1\" loading=\"lazy\" decoding=\"async\" width=\"800\" height=\"300\" src=\"https:\/\/i0.wp.com\/mjcloreillecassee.com\/home1\/wp-content\/uploads\/2025\/11\/OPENSTAGE-16.png?resize=800%2C300&#038;ssl=1\" alt=\"\" class=\"wp-image-6945\" style=\"width:563px;height:auto\" srcset=\"https:\/\/i0.wp.com\/mjcloreillecassee.com\/home1\/wp-content\/uploads\/2025\/11\/OPENSTAGE-16.png?w=800&amp;ssl=1 800w, https:\/\/i0.wp.com\/mjcloreillecassee.com\/home1\/wp-content\/uploads\/2025\/11\/OPENSTAGE-16.png?resize=300%2C113&amp;ssl=1 300w, https:\/\/i0.wp.com\/mjcloreillecassee.com\/home1\/wp-content\/uploads\/2025\/11\/OPENSTAGE-16.png?resize=150%2C56&amp;ssl=1 150w, https:\/\/i0.wp.com\/mjcloreillecassee.com\/home1\/wp-content\/uploads\/2025\/11\/OPENSTAGE-16.png?resize=768%2C288&amp;ssl=1 768w, https:\/\/i0.wp.com\/mjcloreillecassee.com\/home1\/wp-content\/uploads\/2025\/11\/OPENSTAGE-16.png?resize=250%2C94&amp;ssl=1 250w\" sizes=\"auto, (max-width: 800px) 100vw, 800px\" \/><\/figure><\/div>\n\n<p>\u00a0<\/p>\n<p><em><strong>Avec Lauryne Mollet<\/strong><\/em><\/p>\n<p>Un atelier ludique et de d\u00e9tente \u00e0 travers le yoga, le massage et l&rsquo;\u00e9veil corporel.<\/p>\n<p>85\u20ac adulte\/40\u20ac enfant + 13\u20ac cotisation<\/p>\n<p>&gt; 2 \u00e0 4 ans &#8211; Samedi de 10h00 \u00e0 11h00 &#8211; 12 s\u00e9ances<br \/>&gt; 5 \u00e0 7 ans &#8211; Samedi de 11h15 \u00e0 12h15 &#8211; 12 s\u00e9ances<br \/>&gt; 8 \u00e0 10 ans &#8211; Samedi de 10h00 \u00e0 11h00 &#8211; 12 s\u00e9ances<br \/>&gt; 11 \u00e0 14 ans &#8211; Samedi de 11h15 \u00e0 12h15 &#8211; 12 s\u00e9ances<\/p>\n\n\n<p><\/p>\n","protected":false},"excerpt":{"rendered":"<p>\u00a0 Avec Lauryne Mollet Un atelier ludique et de d\u00e9tente \u00e0 travers le yoga, le massage et l&rsquo;\u00e9veil corporel. 85\u20ac adulte\/40\u20ac enfant + 13\u20ac cotisation &gt; 2 \u00e0 4 ans &#8211; Samedi de 10h00 \u00e0 11h00 &#8211; 12 s\u00e9ances&gt; 5 \u00e0 7 ans &#8211; Samedi de 11h15 \u00e0 12h15 &#8211;&#8230;<\/p>\n<p> <a class=\"continue-reading-link\" href=\"https:\/\/mjcloreillecassee.com\/home1\/atelier-bien-etre-parents-enfants\/\"><span>lire la suite<\/span><i class=\"crycon-right-dir\"><\/i><\/a> <\/p>\n","protected":false},"author":1,"featured_media":0,"parent":0,"menu_order":0,"comment_status":"closed","ping_status":"closed","template":"","meta":{"jetpack_post_was_ever_published":false,"footnotes":""},"class_list":["post-4585","page","type-page","status-publish","hentry"],"jetpack_sharing_enabled":true,"jetpack_shortlink":"https:\/\/wp.me\/PaMDLU-1bX","_links":{"self":[{"href":"https:\/\/mjcloreillecassee.com\/home1\/wp-json\/wp\/v2\/pages\/4585","targetHints":{"allow":["GET"]}}],"collection":[{"href":"https:\/\/mjcloreillecassee.com\/home1\/wp-json\/wp\/v2\/pages"}],"about":[{"href":"https:\/\/mjcloreillecassee.com\/home1\/wp-json\/wp\/v2\/types\/page"}],"author":[{"embeddable":true,"href":"https:\/\/mjcloreillecassee.com\/home1\/wp-json\/wp\/v2\/users\/1"}],"replies":[{"embeddable":true,"href":"https:\/\/mjcloreillecassee.com\/home1\/wp-json\/wp\/v2\/comments?post=4585"}],"version-history":[{"count":13,"href":"https:\/\/mjcloreillecassee.com\/home1\/wp-json\/wp\/v2\/pages\/4585\/revisions"}],"predecessor-version":[{"id":6948,"href":"https:\/\/mjcloreillecassee.com\/home1\/wp-json\/wp\/v2\/pages\/4585\/revisions\/6948"}],"wp:attachment":[{"href":"https:\/\/mjcloreillecassee.com\/home1\/wp-json\/wp\/v2\/media?parent=4585"}],"curies":[{"name":"wp","href":"https:\/\/api.w.org\/{rel}","templated":true}]}}