{"id":51,"date":"2010-11-16T18:11:45","date_gmt":"2010-11-16T17:11:45","guid":{"rendered":"http:\/\/mjc-combs-la-ville.com\/home\/?page_id=51"},"modified":"2025-09-02T21:42:52","modified_gmt":"2025-09-02T19:42:52","slug":"infos-pratiques","status":"publish","type":"page","link":"https:\/\/mjcloreillecassee.com\/home1\/infos-pratiques\/","title":{"rendered":"Infos pratiques"},"content":{"rendered":"<p>\u200b<strong>MJC &#8211; l&rsquo;Oreille Cass\u00e9e<\/strong><br \/>\n\u200b<br \/>\n1 place Andr\u00e9 Jarlan,<br \/>\n77380 &#8211; Combs-la-Ville<\/p>\n<p>Renseignements : 01 60 60 76 98<\/p>\n<p><strong>Ouverture<\/strong>:<br \/>\nMardi : 13h30-18h00<br \/>\nMercredi : 9h30-12h30 \/ 13h30-18h30<br \/>\nJeudi : 9h30-12h30 \/ 13h30-18h00<br \/>\nVendredi : 9h30-12h30 \/ 13h30-18h30<br \/>\nSamedi : 9h30-13h30<\/p>\n<p><strong>Comment venir en transport en commun<\/strong> :<br \/>\nRER D &#8211; gare de Combs-la-Ville-Quincy puis bus 3711 (arr\u00eat St Jacques)<\/p>\n<p><center><iframe loading=\"lazy\" src=\"https:\/\/www.google.com\/maps\/d\/embed?mid=1780beasbwHboQr9jQ1Y2j714M_8\" width=\"640\" height=\"480\"><\/iframe><\/center>Certaines de nos activit\u00e9s se d\u00e9roulent \u00e0 l&rsquo;Espace Albert Camus.<\/p>\n<p><center><iframe loading=\"lazy\" src=\"https:\/\/www.google.com\/maps\/d\/embed?mid=1E8RDlE8UPeSmlVCWq6Dks0xRzkg\" width=\"640\" height=\"480\"><\/iframe><\/center><\/p>\n","protected":false},"excerpt":{"rendered":"<p>\u200bMJC &#8211; l&rsquo;Oreille Cass\u00e9e \u200b 1 place Andr\u00e9 Jarlan, 77380 &#8211; Combs-la-Ville Renseignements : 01 60 60 76 98 Ouverture: Mardi : 13h30-18h00 Mercredi : 9h30-12h30 \/ 13h30-18h30 Jeudi : 9h30-12h30 \/ 13h30-18h00 Vendredi : 9h30-12h30 \/ 13h30-18h30 Samedi : 9h30-13h30 Comment venir en transport en commun : RER D&#8230;<\/p>\n<p> <a class=\"continue-reading-link\" href=\"https:\/\/mjcloreillecassee.com\/home1\/infos-pratiques\/\"><span>lire la suite<\/span><i class=\"crycon-right-dir\"><\/i><\/a> <\/p>\n","protected":false},"author":1,"featured_media":0,"parent":0,"menu_order":0,"comment_status":"closed","ping_status":"open","template":"","meta":{"jetpack_post_was_ever_published":false,"footnotes":""},"class_list":["post-51","page","type-page","status-publish","hentry"],"jetpack_sharing_enabled":true,"jetpack_shortlink":"https:\/\/wp.me\/PaMDLU-P","_links":{"self":[{"href":"https:\/\/mjcloreillecassee.com\/home1\/wp-json\/wp\/v2\/pages\/51","targetHints":{"allow":["GET"]}}],"collection":[{"href":"https:\/\/mjcloreillecassee.com\/home1\/wp-json\/wp\/v2\/pages"}],"about":[{"href":"https:\/\/mjcloreillecassee.com\/home1\/wp-json\/wp\/v2\/types\/page"}],"author":[{"embeddable":true,"href":"https:\/\/mjcloreillecassee.com\/home1\/wp-json\/wp\/v2\/users\/1"}],"replies":[{"embeddable":true,"href":"https:\/\/mjcloreillecassee.com\/home1\/wp-json\/wp\/v2\/comments?post=51"}],"version-history":[{"count":2,"href":"https:\/\/mjcloreillecassee.com\/home1\/wp-json\/wp\/v2\/pages\/51\/revisions"}],"predecessor-version":[{"id":6275,"href":"https:\/\/mjcloreillecassee.com\/home1\/wp-json\/wp\/v2\/pages\/51\/revisions\/6275"}],"wp:attachment":[{"href":"https:\/\/mjcloreillecassee.com\/home1\/wp-json\/wp\/v2\/media?parent=51"}],"curies":[{"name":"wp","href":"https:\/\/api.w.org\/{rel}","templated":true}]}}