{"id":6829,"date":"2025-11-14T11:58:18","date_gmt":"2025-11-14T10:58:18","guid":{"rendered":"https:\/\/mjcloreillecassee.com\/home1\/?page_id=6829"},"modified":"2025-11-19T14:42:56","modified_gmt":"2025-11-19T13:42:56","slug":"les-openstage-scene-ouverte-jam-session","status":"publish","type":"page","link":"https:\/\/mjcloreillecassee.com\/home1\/les-openstage-scene-ouverte-jam-session\/","title":{"rendered":"<h1 style=\"color: #ffffff;\">Open&rsquo;Stage<\/h1>"},"content":{"rendered":"<div class=\"wp-block-image\">\n<figure class=\"aligncenter size-full is-resized\"><img data-recalc-dims=\"1\" loading=\"lazy\" decoding=\"async\" width=\"800\" height=\"300\" src=\"https:\/\/i0.wp.com\/mjcloreillecassee.com\/home1\/wp-content\/uploads\/2025\/11\/OPENSTAGE-2.png?resize=800%2C300&#038;ssl=1\" alt=\"\" class=\"wp-image-6858\" style=\"width:608px;height:auto\" srcset=\"https:\/\/i0.wp.com\/mjcloreillecassee.com\/home1\/wp-content\/uploads\/2025\/11\/OPENSTAGE-2.png?w=800&amp;ssl=1 800w, https:\/\/i0.wp.com\/mjcloreillecassee.com\/home1\/wp-content\/uploads\/2025\/11\/OPENSTAGE-2.png?resize=300%2C113&amp;ssl=1 300w, https:\/\/i0.wp.com\/mjcloreillecassee.com\/home1\/wp-content\/uploads\/2025\/11\/OPENSTAGE-2.png?resize=150%2C56&amp;ssl=1 150w, https:\/\/i0.wp.com\/mjcloreillecassee.com\/home1\/wp-content\/uploads\/2025\/11\/OPENSTAGE-2.png?resize=768%2C288&amp;ssl=1 768w, https:\/\/i0.wp.com\/mjcloreillecassee.com\/home1\/wp-content\/uploads\/2025\/11\/OPENSTAGE-2.png?resize=250%2C94&amp;ssl=1 250w\" sizes=\"auto, (max-width: 800px) 100vw, 800px\" \/><\/figure><\/div>\n\n\n<p><strong>1 Vendredi par mois, en entr\u00e9e libre<\/strong> <strong>!<\/strong><\/p>\n\n\n\n<p>Un m\u00e9lange entre la <strong>jam session<\/strong>, la <strong>sc\u00e8ne ouverte<\/strong> et la <strong>rencontre<\/strong> entre musiciennes et musiciens du territoire. Venez avec votre <strong>groupe<\/strong>, vos <strong>compositions<\/strong> ou des morceaux <strong>connus<\/strong>, partager un verre et <strong>rencontrer l&rsquo;\u00e9quipe<\/strong> de programmation de l&rsquo;Oreille Cass\u00e9e !<br>Une seule r\u00e8gle : <strong>n&rsquo;importe qui<\/strong> peut vous rejoindre sur sc\u00e8ne, \u00e0 <strong>n&rsquo;importe quel moment<\/strong> !<\/p>\n\n\n\n<p>Vous souhaitez vous <strong>produire<\/strong> sur la sc\u00e8ne de l&rsquo;Oreille Cass\u00e9e ? <br><strong>Rencontrez-nous lors de nos caf\u00e9s musiques ou envoyez un mail \u00e0 Jeffrey, avec vos informations (fiche technique, kit press, photos &#8230;) : mjcoreillecassee@gmail.com<\/strong><\/p>\n\n\n\n<p><\/p>\n\n\n\n<p><\/p>\n\n\n\n<figure class=\"wp-block-image size-large\"><img data-recalc-dims=\"1\" loading=\"lazy\" decoding=\"async\" width=\"900\" height=\"540\" src=\"https:\/\/i0.wp.com\/mjcloreillecassee.com\/home1\/wp-content\/uploads\/2025\/11\/LOGO-OREILLE-CASSEE-Detoure.psd-4.png?resize=900%2C540&#038;ssl=1\" alt=\"\" class=\"wp-image-6833\" srcset=\"https:\/\/i0.wp.com\/mjcloreillecassee.com\/home1\/wp-content\/uploads\/2025\/11\/LOGO-OREILLE-CASSEE-Detoure.psd-4.png?resize=1024%2C614&amp;ssl=1 1024w, https:\/\/i0.wp.com\/mjcloreillecassee.com\/home1\/wp-content\/uploads\/2025\/11\/LOGO-OREILLE-CASSEE-Detoure.psd-4.png?resize=300%2C180&amp;ssl=1 300w, https:\/\/i0.wp.com\/mjcloreillecassee.com\/home1\/wp-content\/uploads\/2025\/11\/LOGO-OREILLE-CASSEE-Detoure.psd-4.png?resize=150%2C90&amp;ssl=1 150w, https:\/\/i0.wp.com\/mjcloreillecassee.com\/home1\/wp-content\/uploads\/2025\/11\/LOGO-OREILLE-CASSEE-Detoure.psd-4.png?resize=768%2C460&amp;ssl=1 768w, https:\/\/i0.wp.com\/mjcloreillecassee.com\/home1\/wp-content\/uploads\/2025\/11\/LOGO-OREILLE-CASSEE-Detoure.psd-4.png?resize=1536%2C920&amp;ssl=1 1536w, https:\/\/i0.wp.com\/mjcloreillecassee.com\/home1\/wp-content\/uploads\/2025\/11\/LOGO-OREILLE-CASSEE-Detoure.psd-4.png?resize=250%2C150&amp;ssl=1 250w, https:\/\/i0.wp.com\/mjcloreillecassee.com\/home1\/wp-content\/uploads\/2025\/11\/LOGO-OREILLE-CASSEE-Detoure.psd-4.png?w=1612&amp;ssl=1 1612w\" sizes=\"auto, (max-width: 900px) 100vw, 900px\" \/><\/figure>\n\n\n\n<p><\/p>\n","protected":false},"excerpt":{"rendered":"<p>1 Vendredi par mois, en entr\u00e9e libre ! Un m\u00e9lange entre la jam session, la sc\u00e8ne ouverte et la rencontre entre musiciennes et musiciens du territoire. Venez avec votre groupe, vos compositions ou des morceaux connus, partager un verre et rencontrer l&rsquo;\u00e9quipe de programmation de l&rsquo;Oreille Cass\u00e9e !Une seule r\u00e8gle&#8230;<\/p>\n<p> <a class=\"continue-reading-link\" href=\"https:\/\/mjcloreillecassee.com\/home1\/les-openstage-scene-ouverte-jam-session\/\"><span>lire la suite<\/span><i class=\"crycon-right-dir\"><\/i><\/a> <\/p>\n","protected":false},"author":4,"featured_media":0,"parent":0,"menu_order":0,"comment_status":"closed","ping_status":"closed","template":"","meta":{"footnotes":""},"class_list":["post-6829","page","type-page","status-publish","hentry"],"jetpack_sharing_enabled":true,"jetpack_shortlink":"https:\/\/wp.me\/PaMDLU-1M9","_links":{"self":[{"href":"https:\/\/mjcloreillecassee.com\/home1\/wp-json\/wp\/v2\/pages\/6829","targetHints":{"allow":["GET"]}}],"collection":[{"href":"https:\/\/mjcloreillecassee.com\/home1\/wp-json\/wp\/v2\/pages"}],"about":[{"href":"https:\/\/mjcloreillecassee.com\/home1\/wp-json\/wp\/v2\/types\/page"}],"author":[{"embeddable":true,"href":"https:\/\/mjcloreillecassee.com\/home1\/wp-json\/wp\/v2\/users\/4"}],"replies":[{"embeddable":true,"href":"https:\/\/mjcloreillecassee.com\/home1\/wp-json\/wp\/v2\/comments?post=6829"}],"version-history":[{"count":10,"href":"https:\/\/mjcloreillecassee.com\/home1\/wp-json\/wp\/v2\/pages\/6829\/revisions"}],"predecessor-version":[{"id":6875,"href":"https:\/\/mjcloreillecassee.com\/home1\/wp-json\/wp\/v2\/pages\/6829\/revisions\/6875"}],"wp:attachment":[{"href":"https:\/\/mjcloreillecassee.com\/home1\/wp-json\/wp\/v2\/media?parent=6829"}],"curies":[{"name":"wp","href":"https:\/\/api.w.org\/{rel}","templated":true}]}}