{"id":7007,"date":"2025-11-21T14:41:32","date_gmt":"2025-11-21T13:41:32","guid":{"rendered":"https:\/\/mjcloreillecassee.com\/home1\/?page_id=7007"},"modified":"2026-02-18T10:37:51","modified_gmt":"2026-02-18T09:37:51","slug":"openvacs","status":"publish","type":"page","link":"https:\/\/mjcloreillecassee.com\/home1\/openvacs\/","title":{"rendered":"<h3 style=\"color: #ffffff;\">Open&rsquo;Vacs<\/h3>"},"content":{"rendered":"<div class=\"wp-block-image\">\n<figure class=\"aligncenter size-full is-resized\"><img data-recalc-dims=\"1\" loading=\"lazy\" decoding=\"async\" width=\"800\" height=\"300\" src=\"https:\/\/i0.wp.com\/mjcloreillecassee.com\/home1\/wp-content\/uploads\/2025\/11\/OPENSTAGE-26.png?resize=800%2C300&#038;ssl=1\" alt=\"\" class=\"wp-image-7011\" style=\"width:525px;height:auto\" srcset=\"https:\/\/i0.wp.com\/mjcloreillecassee.com\/home1\/wp-content\/uploads\/2025\/11\/OPENSTAGE-26.png?w=800&amp;ssl=1 800w, https:\/\/i0.wp.com\/mjcloreillecassee.com\/home1\/wp-content\/uploads\/2025\/11\/OPENSTAGE-26.png?resize=300%2C113&amp;ssl=1 300w, https:\/\/i0.wp.com\/mjcloreillecassee.com\/home1\/wp-content\/uploads\/2025\/11\/OPENSTAGE-26.png?resize=150%2C56&amp;ssl=1 150w, https:\/\/i0.wp.com\/mjcloreillecassee.com\/home1\/wp-content\/uploads\/2025\/11\/OPENSTAGE-26.png?resize=768%2C288&amp;ssl=1 768w, https:\/\/i0.wp.com\/mjcloreillecassee.com\/home1\/wp-content\/uploads\/2025\/11\/OPENSTAGE-26.png?resize=250%2C94&amp;ssl=1 250w\" sizes=\"auto, (max-width: 800px) 100vw, 800px\" \/><\/figure><\/div>\n\n\n<p>Pendant les vacances scolaires, place aux jeunes \u00e0 la MJC ! <br>Des animations festives et vari\u00e9es sont propos\u00e9es : activit\u00e9s artistiques, soir\u00e9es th\u00e9matiques, projets divers, MAO &#8230; <br>Ouvert \u00e0 tou-te-s les jeunes entre <strong>11 et 17 ans<\/strong>, de Combs-la-Ville ou d&rsquo;ailleurs, les Open&rsquo;Vacs sont des moments de rencontre, d&rsquo;amusement, de d\u00e9couverte et o\u00f9 divers projets peuvent voir le jour. <br><\/p>\n\n\n\n<p><strong><em>Prochainement :<\/em><\/strong><\/p>\n\n\n\n<p class=\"has-text-align-center\"><\/p>\n\n\n<div class=\"wp-block-image\">\n<figure class=\"aligncenter size-large\"><img data-recalc-dims=\"1\" loading=\"lazy\" decoding=\"async\" width=\"724\" height=\"1024\" src=\"https:\/\/i0.wp.com\/mjcloreillecassee.com\/home1\/wp-content\/uploads\/2026\/02\/OPENVACS-10.png?resize=724%2C1024&#038;ssl=1\" alt=\"\" class=\"wp-image-7168\" srcset=\"https:\/\/i0.wp.com\/mjcloreillecassee.com\/home1\/wp-content\/uploads\/2026\/02\/OPENVACS-10.png?resize=724%2C1024&amp;ssl=1 724w, https:\/\/i0.wp.com\/mjcloreillecassee.com\/home1\/wp-content\/uploads\/2026\/02\/OPENVACS-10.png?resize=212%2C300&amp;ssl=1 212w, https:\/\/i0.wp.com\/mjcloreillecassee.com\/home1\/wp-content\/uploads\/2026\/02\/OPENVACS-10.png?resize=106%2C150&amp;ssl=1 106w, https:\/\/i0.wp.com\/mjcloreillecassee.com\/home1\/wp-content\/uploads\/2026\/02\/OPENVACS-10.png?resize=768%2C1086&amp;ssl=1 768w, https:\/\/i0.wp.com\/mjcloreillecassee.com\/home1\/wp-content\/uploads\/2026\/02\/OPENVACS-10.png?resize=1086%2C1536&amp;ssl=1 1086w, https:\/\/i0.wp.com\/mjcloreillecassee.com\/home1\/wp-content\/uploads\/2026\/02\/OPENVACS-10.png?w=1414&amp;ssl=1 1414w\" sizes=\"auto, (max-width: 724px) 100vw, 724px\" \/><\/figure><\/div>\n\n\n<div style=\"height:15px\" aria-hidden=\"true\" class=\"wp-block-spacer\"><\/div>\n\n\n\n<p><strong><em>Derni\u00e8rement :<\/em><\/strong><\/p>\n\n\n\n<p><\/p>\n\n\n\n<div class=\"wp-block-group is-layout-grid wp-container-core-group-is-layout-9649a0d9 wp-block-group-is-layout-grid\">\n<div class=\"wp-block-jetpack-tiled-gallery aligncenter is-style-rectangular\"><div class=\"\"><div class=\"tiled-gallery__gallery\"><div class=\"tiled-gallery__row\"><div class=\"tiled-gallery__col\" style=\"flex-basis:100.00000%\"><figure class=\"tiled-gallery__item\"><img decoding=\"async\" srcset=\"https:\/\/i0.wp.com\/mjcloreillecassee.com\/home1\/wp-content\/uploads\/2025\/11\/OPENVACS-1-1-724x1024.png?strip=info&#038;w=600&#038;ssl=1 600w,https:\/\/i0.wp.com\/mjcloreillecassee.com\/home1\/wp-content\/uploads\/2025\/11\/OPENVACS-1-1-724x1024.png?strip=info&#038;w=900&#038;ssl=1 900w,https:\/\/i0.wp.com\/mjcloreillecassee.com\/home1\/wp-content\/uploads\/2025\/11\/OPENVACS-1-1-724x1024.png?strip=info&#038;w=1200&#038;ssl=1 1200w,https:\/\/i0.wp.com\/mjcloreillecassee.com\/home1\/wp-content\/uploads\/2025\/11\/OPENVACS-1-1-724x1024.png?strip=info&#038;w=1414&#038;ssl=1 1414w\" alt=\"\" data-height=\"2000\" data-id=\"7068\" data-link=\"https:\/\/mjcloreillecassee.com\/home1\/openvacs\/openvacs-1-2\/\" data-url=\"https:\/\/mjcloreillecassee.com\/home1\/wp-content\/uploads\/2025\/11\/OPENVACS-1-1-724x1024.png\" data-width=\"1414\" src=\"https:\/\/i0.wp.com\/mjcloreillecassee.com\/home1\/wp-content\/uploads\/2025\/11\/OPENVACS-1-1-724x1024.png?ssl=1\" data-amp-layout=\"responsive\"\/><\/figure><\/div><\/div><\/div><\/div><\/div>\n\n\n\n<div class=\"wp-block-jetpack-tiled-gallery aligncenter is-style-rectangular\"><div class=\"\"><div class=\"tiled-gallery__gallery\"><div class=\"tiled-gallery__row\"><div class=\"tiled-gallery__col\" style=\"flex-basis:100.00000%\"><figure class=\"tiled-gallery__item\"><img decoding=\"async\" srcset=\"https:\/\/i0.wp.com\/mjcloreillecassee.com\/home1\/wp-content\/uploads\/2025\/11\/affiche-generale-11-724x1024.png?strip=info&#038;w=600&#038;ssl=1 600w,https:\/\/i0.wp.com\/mjcloreillecassee.com\/home1\/wp-content\/uploads\/2025\/11\/affiche-generale-11-724x1024.png?strip=info&#038;w=900&#038;ssl=1 900w,https:\/\/i0.wp.com\/mjcloreillecassee.com\/home1\/wp-content\/uploads\/2025\/11\/affiche-generale-11-724x1024.png?strip=info&#038;w=1200&#038;ssl=1 1200w,https:\/\/i0.wp.com\/mjcloreillecassee.com\/home1\/wp-content\/uploads\/2025\/11\/affiche-generale-11-724x1024.png?strip=info&#038;w=1414&#038;ssl=1 1414w\" alt=\"\" data-height=\"2000\" data-id=\"7064\" data-link=\"https:\/\/mjcloreillecassee.com\/home1\/openvacs\/affiche-generale-14\/\" data-url=\"https:\/\/mjcloreillecassee.com\/home1\/wp-content\/uploads\/2025\/11\/affiche-generale-11-724x1024.png\" data-width=\"1414\" src=\"https:\/\/i0.wp.com\/mjcloreillecassee.com\/home1\/wp-content\/uploads\/2025\/11\/affiche-generale-11-724x1024.png?ssl=1\" data-amp-layout=\"responsive\"\/><\/figure><\/div><\/div><\/div><\/div><\/div>\n\n\n\n<div class=\"wp-block-jetpack-tiled-gallery aligncenter is-style-rectangular\"><div class=\"\"><div class=\"tiled-gallery__gallery\"><div class=\"tiled-gallery__row\"><div class=\"tiled-gallery__col\" style=\"flex-basis:100.00000%\"><figure class=\"tiled-gallery__item\"><img decoding=\"async\" srcset=\"https:\/\/i0.wp.com\/mjcloreillecassee.com\/home1\/wp-content\/uploads\/2025\/11\/Affiche-generale-10-819x1024.png?strip=info&#038;w=600&#038;ssl=1 600w,https:\/\/i0.wp.com\/mjcloreillecassee.com\/home1\/wp-content\/uploads\/2025\/11\/Affiche-generale-10-819x1024.png?strip=info&#038;w=900&#038;ssl=1 900w,https:\/\/i0.wp.com\/mjcloreillecassee.com\/home1\/wp-content\/uploads\/2025\/11\/Affiche-generale-10-819x1024.png?strip=info&#038;w=1080&#038;ssl=1 1080w\" alt=\"\" data-height=\"1350\" data-id=\"7063\" data-link=\"https:\/\/mjcloreillecassee.com\/home1\/openvacs\/affiche-generale-13\/\" data-url=\"https:\/\/mjcloreillecassee.com\/home1\/wp-content\/uploads\/2025\/11\/Affiche-generale-10-819x1024.png\" data-width=\"1080\" src=\"https:\/\/i0.wp.com\/mjcloreillecassee.com\/home1\/wp-content\/uploads\/2025\/11\/Affiche-generale-10-819x1024.png?ssl=1\" data-amp-layout=\"responsive\"\/><\/figure><\/div><\/div><\/div><\/div><\/div>\n<\/div>\n\n\n\n<div class=\"wp-block-group is-layout-grid wp-container-core-group-is-layout-9649a0d9 wp-block-group-is-layout-grid\">\n<div class=\"wp-block-jetpack-tiled-gallery aligncenter is-style-rectangular wp-container-content-69bc4bdf\"><div class=\"\"><div class=\"tiled-gallery__gallery\"><div class=\"tiled-gallery__row\"><div class=\"tiled-gallery__col\" style=\"flex-basis:100.00000%\"><figure class=\"tiled-gallery__item\"><img decoding=\"async\" srcset=\"https:\/\/i0.wp.com\/mjcloreillecassee.com\/home1\/wp-content\/uploads\/2025\/11\/Affiche-generale-5-724x1024.png?strip=info&#038;w=600&#038;ssl=1 600w,https:\/\/i0.wp.com\/mjcloreillecassee.com\/home1\/wp-content\/uploads\/2025\/11\/Affiche-generale-5-724x1024.png?strip=info&#038;w=900&#038;ssl=1 900w,https:\/\/i0.wp.com\/mjcloreillecassee.com\/home1\/wp-content\/uploads\/2025\/11\/Affiche-generale-5-724x1024.png?strip=info&#038;w=1200&#038;ssl=1 1200w,https:\/\/i0.wp.com\/mjcloreillecassee.com\/home1\/wp-content\/uploads\/2025\/11\/Affiche-generale-5-724x1024.png?strip=info&#038;w=1500&#038;ssl=1 1500w,https:\/\/i0.wp.com\/mjcloreillecassee.com\/home1\/wp-content\/uploads\/2025\/11\/Affiche-generale-5-724x1024.png?strip=info&#038;w=1800&#038;ssl=1 1800w,https:\/\/i0.wp.com\/mjcloreillecassee.com\/home1\/wp-content\/uploads\/2025\/11\/Affiche-generale-5-724x1024.png?strip=info&#038;w=1810&#038;ssl=1 1810w\" alt=\"\" data-height=\"2560\" data-id=\"7053\" data-link=\"https:\/\/mjcloreillecassee.com\/home1\/openvacs\/affiche-generale-7\/\" data-url=\"https:\/\/mjcloreillecassee.com\/home1\/wp-content\/uploads\/2025\/11\/Affiche-generale-5-724x1024.png\" data-width=\"1810\" src=\"https:\/\/i0.wp.com\/mjcloreillecassee.com\/home1\/wp-content\/uploads\/2025\/11\/Affiche-generale-5-724x1024.png?ssl=1\" data-amp-layout=\"responsive\"\/><\/figure><\/div><\/div><\/div><\/div><\/div>\n\n\n\n<figure class=\"wp-block-image size-large\"><img data-recalc-dims=\"1\" loading=\"lazy\" decoding=\"async\" width=\"724\" height=\"1024\" src=\"https:\/\/i0.wp.com\/mjcloreillecassee.com\/home1\/wp-content\/uploads\/2025\/11\/affiche-generale-2.png?resize=724%2C1024&#038;ssl=1\" alt=\"\" class=\"wp-image-7045\" srcset=\"https:\/\/i0.wp.com\/mjcloreillecassee.com\/home1\/wp-content\/uploads\/2025\/11\/affiche-generale-2-scaled.png?resize=724%2C1024&amp;ssl=1 724w, https:\/\/i0.wp.com\/mjcloreillecassee.com\/home1\/wp-content\/uploads\/2025\/11\/affiche-generale-2-scaled.png?resize=212%2C300&amp;ssl=1 212w, https:\/\/i0.wp.com\/mjcloreillecassee.com\/home1\/wp-content\/uploads\/2025\/11\/affiche-generale-2-scaled.png?resize=106%2C150&amp;ssl=1 106w, https:\/\/i0.wp.com\/mjcloreillecassee.com\/home1\/wp-content\/uploads\/2025\/11\/affiche-generale-2-scaled.png?resize=768%2C1086&amp;ssl=1 768w, https:\/\/i0.wp.com\/mjcloreillecassee.com\/home1\/wp-content\/uploads\/2025\/11\/affiche-generale-2-scaled.png?resize=1086%2C1536&amp;ssl=1 1086w, https:\/\/i0.wp.com\/mjcloreillecassee.com\/home1\/wp-content\/uploads\/2025\/11\/affiche-generale-2-scaled.png?resize=1448%2C2048&amp;ssl=1 1448w, https:\/\/i0.wp.com\/mjcloreillecassee.com\/home1\/wp-content\/uploads\/2025\/11\/affiche-generale-2-scaled.png?w=1810&amp;ssl=1 1810w\" sizes=\"auto, (max-width: 724px) 100vw, 724px\" \/><\/figure>\n\n\n\n<figure class=\"wp-block-image size-large\"><img data-recalc-dims=\"1\" loading=\"lazy\" decoding=\"async\" width=\"724\" height=\"1024\" src=\"https:\/\/i0.wp.com\/mjcloreillecassee.com\/home1\/wp-content\/uploads\/2025\/11\/affiche-generale-11-17-ans.png?resize=724%2C1024&#038;ssl=1\" alt=\"\" class=\"wp-image-7046\" srcset=\"https:\/\/i0.wp.com\/mjcloreillecassee.com\/home1\/wp-content\/uploads\/2025\/11\/affiche-generale-11-17-ans-scaled.png?resize=724%2C1024&amp;ssl=1 724w, https:\/\/i0.wp.com\/mjcloreillecassee.com\/home1\/wp-content\/uploads\/2025\/11\/affiche-generale-11-17-ans-scaled.png?resize=212%2C300&amp;ssl=1 212w, https:\/\/i0.wp.com\/mjcloreillecassee.com\/home1\/wp-content\/uploads\/2025\/11\/affiche-generale-11-17-ans-scaled.png?resize=106%2C150&amp;ssl=1 106w, https:\/\/i0.wp.com\/mjcloreillecassee.com\/home1\/wp-content\/uploads\/2025\/11\/affiche-generale-11-17-ans-scaled.png?resize=768%2C1086&amp;ssl=1 768w, https:\/\/i0.wp.com\/mjcloreillecassee.com\/home1\/wp-content\/uploads\/2025\/11\/affiche-generale-11-17-ans-scaled.png?resize=1086%2C1536&amp;ssl=1 1086w, https:\/\/i0.wp.com\/mjcloreillecassee.com\/home1\/wp-content\/uploads\/2025\/11\/affiche-generale-11-17-ans-scaled.png?resize=1448%2C2048&amp;ssl=1 1448w, https:\/\/i0.wp.com\/mjcloreillecassee.com\/home1\/wp-content\/uploads\/2025\/11\/affiche-generale-11-17-ans-scaled.png?w=1810&amp;ssl=1 1810w\" sizes=\"auto, (max-width: 724px) 100vw, 724px\" \/><\/figure>\n<\/div>\n\n\n\n<div class=\"wp-block-group is-layout-grid wp-container-core-group-is-layout-9649a0d9 wp-block-group-is-layout-grid\">\n<figure class=\"wp-block-image size-large\"><img data-recalc-dims=\"1\" loading=\"lazy\" decoding=\"async\" width=\"724\" height=\"1024\" src=\"https:\/\/i0.wp.com\/mjcloreillecassee.com\/home1\/wp-content\/uploads\/2025\/11\/affiche-generale-mai-2.png?resize=724%2C1024&#038;ssl=1\" alt=\"\" class=\"wp-image-7059\" srcset=\"https:\/\/i0.wp.com\/mjcloreillecassee.com\/home1\/wp-content\/uploads\/2025\/11\/affiche-generale-mai-2-scaled.png?resize=724%2C1024&amp;ssl=1 724w, https:\/\/i0.wp.com\/mjcloreillecassee.com\/home1\/wp-content\/uploads\/2025\/11\/affiche-generale-mai-2-scaled.png?resize=212%2C300&amp;ssl=1 212w, https:\/\/i0.wp.com\/mjcloreillecassee.com\/home1\/wp-content\/uploads\/2025\/11\/affiche-generale-mai-2-scaled.png?resize=106%2C150&amp;ssl=1 106w, https:\/\/i0.wp.com\/mjcloreillecassee.com\/home1\/wp-content\/uploads\/2025\/11\/affiche-generale-mai-2-scaled.png?resize=768%2C1086&amp;ssl=1 768w, https:\/\/i0.wp.com\/mjcloreillecassee.com\/home1\/wp-content\/uploads\/2025\/11\/affiche-generale-mai-2-scaled.png?resize=1086%2C1536&amp;ssl=1 1086w, https:\/\/i0.wp.com\/mjcloreillecassee.com\/home1\/wp-content\/uploads\/2025\/11\/affiche-generale-mai-2-scaled.png?resize=1448%2C2048&amp;ssl=1 1448w, https:\/\/i0.wp.com\/mjcloreillecassee.com\/home1\/wp-content\/uploads\/2025\/11\/affiche-generale-mai-2-scaled.png?w=1810&amp;ssl=1 1810w\" sizes=\"auto, (max-width: 724px) 100vw, 724px\" \/><\/figure>\n\n\n\n<figure class=\"wp-block-image size-large\"><img data-recalc-dims=\"1\" loading=\"lazy\" decoding=\"async\" width=\"724\" height=\"1024\" src=\"https:\/\/i0.wp.com\/mjcloreillecassee.com\/home1\/wp-content\/uploads\/2025\/11\/AFFICHE-GENERALE-9.png?resize=724%2C1024&#038;ssl=1\" alt=\"\" class=\"wp-image-7061\" srcset=\"https:\/\/i0.wp.com\/mjcloreillecassee.com\/home1\/wp-content\/uploads\/2025\/11\/AFFICHE-GENERALE-9-scaled.png?resize=724%2C1024&amp;ssl=1 724w, https:\/\/i0.wp.com\/mjcloreillecassee.com\/home1\/wp-content\/uploads\/2025\/11\/AFFICHE-GENERALE-9-scaled.png?resize=212%2C300&amp;ssl=1 212w, https:\/\/i0.wp.com\/mjcloreillecassee.com\/home1\/wp-content\/uploads\/2025\/11\/AFFICHE-GENERALE-9-scaled.png?resize=106%2C150&amp;ssl=1 106w, https:\/\/i0.wp.com\/mjcloreillecassee.com\/home1\/wp-content\/uploads\/2025\/11\/AFFICHE-GENERALE-9-scaled.png?resize=768%2C1087&amp;ssl=1 768w, https:\/\/i0.wp.com\/mjcloreillecassee.com\/home1\/wp-content\/uploads\/2025\/11\/AFFICHE-GENERALE-9-scaled.png?resize=1085%2C1536&amp;ssl=1 1085w, https:\/\/i0.wp.com\/mjcloreillecassee.com\/home1\/wp-content\/uploads\/2025\/11\/AFFICHE-GENERALE-9-scaled.png?resize=1447%2C2048&amp;ssl=1 1447w, https:\/\/i0.wp.com\/mjcloreillecassee.com\/home1\/wp-content\/uploads\/2025\/11\/AFFICHE-GENERALE-9-scaled.png?w=1809&amp;ssl=1 1809w\" sizes=\"auto, (max-width: 724px) 100vw, 724px\" \/><\/figure>\n\n\n\n<figure class=\"wp-block-image size-large\"><img data-recalc-dims=\"1\" loading=\"lazy\" decoding=\"async\" width=\"724\" height=\"1024\" src=\"https:\/\/i0.wp.com\/mjcloreillecassee.com\/home1\/wp-content\/uploads\/2025\/11\/affiche-generale-7.png?resize=724%2C1024&#038;ssl=1\" alt=\"\" class=\"wp-image-7057\" srcset=\"https:\/\/i0.wp.com\/mjcloreillecassee.com\/home1\/wp-content\/uploads\/2025\/11\/affiche-generale-7-scaled.png?resize=724%2C1024&amp;ssl=1 724w, https:\/\/i0.wp.com\/mjcloreillecassee.com\/home1\/wp-content\/uploads\/2025\/11\/affiche-generale-7-scaled.png?resize=212%2C300&amp;ssl=1 212w, https:\/\/i0.wp.com\/mjcloreillecassee.com\/home1\/wp-content\/uploads\/2025\/11\/affiche-generale-7-scaled.png?resize=106%2C150&amp;ssl=1 106w, https:\/\/i0.wp.com\/mjcloreillecassee.com\/home1\/wp-content\/uploads\/2025\/11\/affiche-generale-7-scaled.png?resize=768%2C1086&amp;ssl=1 768w, https:\/\/i0.wp.com\/mjcloreillecassee.com\/home1\/wp-content\/uploads\/2025\/11\/affiche-generale-7-scaled.png?resize=1086%2C1536&amp;ssl=1 1086w, https:\/\/i0.wp.com\/mjcloreillecassee.com\/home1\/wp-content\/uploads\/2025\/11\/affiche-generale-7-scaled.png?resize=1448%2C2048&amp;ssl=1 1448w, https:\/\/i0.wp.com\/mjcloreillecassee.com\/home1\/wp-content\/uploads\/2025\/11\/affiche-generale-7-scaled.png?w=1810&amp;ssl=1 1810w\" sizes=\"auto, (max-width: 724px) 100vw, 724px\" \/><\/figure>\n<\/div>\n\n\n\n<p><\/p>\n","protected":false},"excerpt":{"rendered":"<p>Pendant les vacances scolaires, place aux jeunes \u00e0 la MJC ! Des animations festives et vari\u00e9es sont propos\u00e9es : activit\u00e9s artistiques, soir\u00e9es th\u00e9matiques, projets divers, MAO &#8230; Ouvert \u00e0 tou-te-s les jeunes entre 11 et 17 ans, de Combs-la-Ville ou d&rsquo;ailleurs, les Open&rsquo;Vacs sont des moments de rencontre, d&rsquo;amusement, de&#8230;<\/p>\n<p> <a class=\"continue-reading-link\" href=\"https:\/\/mjcloreillecassee.com\/home1\/openvacs\/\"><span>lire la suite<\/span><i class=\"crycon-right-dir\"><\/i><\/a> <\/p>\n","protected":false},"author":4,"featured_media":0,"parent":0,"menu_order":0,"comment_status":"closed","ping_status":"closed","template":"","meta":{"jetpack_post_was_ever_published":false,"footnotes":""},"class_list":["post-7007","page","type-page","status-publish","hentry"],"jetpack_sharing_enabled":true,"jetpack_shortlink":"https:\/\/wp.me\/PaMDLU-1P1","_links":{"self":[{"href":"https:\/\/mjcloreillecassee.com\/home1\/wp-json\/wp\/v2\/pages\/7007","targetHints":{"allow":["GET"]}}],"collection":[{"href":"https:\/\/mjcloreillecassee.com\/home1\/wp-json\/wp\/v2\/pages"}],"about":[{"href":"https:\/\/mjcloreillecassee.com\/home1\/wp-json\/wp\/v2\/types\/page"}],"author":[{"embeddable":true,"href":"https:\/\/mjcloreillecassee.com\/home1\/wp-json\/wp\/v2\/users\/4"}],"replies":[{"embeddable":true,"href":"https:\/\/mjcloreillecassee.com\/home1\/wp-json\/wp\/v2\/comments?post=7007"}],"version-history":[{"count":10,"href":"https:\/\/mjcloreillecassee.com\/home1\/wp-json\/wp\/v2\/pages\/7007\/revisions"}],"predecessor-version":[{"id":7170,"href":"https:\/\/mjcloreillecassee.com\/home1\/wp-json\/wp\/v2\/pages\/7007\/revisions\/7170"}],"wp:attachment":[{"href":"https:\/\/mjcloreillecassee.com\/home1\/wp-json\/wp\/v2\/media?parent=7007"}],"curies":[{"name":"wp","href":"https:\/\/api.w.org\/{rel}","templated":true}]}}