{"id":7074,"date":"2025-11-21T15:44:03","date_gmt":"2025-11-21T14:44:03","guid":{"rendered":"https:\/\/mjcloreillecassee.com\/home1\/?page_id=7074"},"modified":"2025-11-21T15:44:03","modified_gmt":"2025-11-21T14:44:03","slug":"snackchat","status":"publish","type":"page","link":"https:\/\/mjcloreillecassee.com\/home1\/snackchat\/","title":{"rendered":"<h3 style=\"color: #ffffff;\">Snack&rsquo;chat<\/h3>"},"content":{"rendered":"<div class=\"wp-block-image\">\n<figure class=\"aligncenter size-full is-resized\"><img data-recalc-dims=\"1\" loading=\"lazy\" decoding=\"async\" width=\"800\" height=\"300\" src=\"https:\/\/i0.wp.com\/mjcloreillecassee.com\/home1\/wp-content\/uploads\/2023\/03\/OPENSTAGE-5.png?resize=800%2C300&#038;ssl=1\" alt=\"\" class=\"wp-image-6862\" style=\"width:555px;height:auto\" srcset=\"https:\/\/i0.wp.com\/mjcloreillecassee.com\/home1\/wp-content\/uploads\/2023\/03\/OPENSTAGE-5.png?w=800&amp;ssl=1 800w, https:\/\/i0.wp.com\/mjcloreillecassee.com\/home1\/wp-content\/uploads\/2023\/03\/OPENSTAGE-5.png?resize=300%2C113&amp;ssl=1 300w, https:\/\/i0.wp.com\/mjcloreillecassee.com\/home1\/wp-content\/uploads\/2023\/03\/OPENSTAGE-5.png?resize=150%2C56&amp;ssl=1 150w, https:\/\/i0.wp.com\/mjcloreillecassee.com\/home1\/wp-content\/uploads\/2023\/03\/OPENSTAGE-5.png?resize=768%2C288&amp;ssl=1 768w, https:\/\/i0.wp.com\/mjcloreillecassee.com\/home1\/wp-content\/uploads\/2023\/03\/OPENSTAGE-5.png?resize=250%2C94&amp;ssl=1 250w\" sizes=\"auto, (max-width: 800px) 100vw, 800px\" \/><\/figure><\/div>\n\n\n<p>Rendez-vous \u00e0 la MJC le mercredi de 12h30 \u00e0 14h30 (hors vacances scolaires) pour boire un verre, grignoter, faire un jeu, discuter et se rencontrer !<\/p>\n\n\n\n<p><br>Le Snack&rsquo;chat est un temps d&rsquo;accueil, de d\u00e9tente et de loisirs, \u00e0 travers diff\u00e9rentes activit\u00e9s et o\u00f9 divers projets peuvent \u00e9merger.<br>L&rsquo;espace permet \u00e9galement aux jeunes de pouvoir s&rsquo;exprimer et participer au fonctionnement de l&rsquo;association. Pour tous les go\u00fbts et tous les app\u00e9tits !<br>1 formule offerte (snack+boisson) aux participant-e-s qui restent jusqu&rsquo;\u00e0 14h30, 3\u20ac pour une formule compl\u00e8te (Snack+boisson+chips)<\/p>\n\n\n<div class=\"wp-block-image\">\n<figure class=\"aligncenter size-large is-resized\"><img data-recalc-dims=\"1\" loading=\"lazy\" decoding=\"async\" width=\"721\" height=\"1024\" src=\"https:\/\/i0.wp.com\/mjcloreillecassee.com\/home1\/wp-content\/uploads\/2023\/03\/SNACKCHAT-1.png?resize=721%2C1024&#038;ssl=1\" alt=\"\" class=\"wp-image-6822\" style=\"width:459px;height:auto\" srcset=\"https:\/\/i0.wp.com\/mjcloreillecassee.com\/home1\/wp-content\/uploads\/2023\/03\/SNACKCHAT-1.png?resize=721%2C1024&amp;ssl=1 721w, https:\/\/i0.wp.com\/mjcloreillecassee.com\/home1\/wp-content\/uploads\/2023\/03\/SNACKCHAT-1.png?resize=211%2C300&amp;ssl=1 211w, https:\/\/i0.wp.com\/mjcloreillecassee.com\/home1\/wp-content\/uploads\/2023\/03\/SNACKCHAT-1.png?resize=106%2C150&amp;ssl=1 106w, https:\/\/i0.wp.com\/mjcloreillecassee.com\/home1\/wp-content\/uploads\/2023\/03\/SNACKCHAT-1.png?resize=768%2C1090&amp;ssl=1 768w, https:\/\/i0.wp.com\/mjcloreillecassee.com\/home1\/wp-content\/uploads\/2023\/03\/SNACKCHAT-1.png?resize=1082%2C1536&amp;ssl=1 1082w, https:\/\/i0.wp.com\/mjcloreillecassee.com\/home1\/wp-content\/uploads\/2023\/03\/SNACKCHAT-1.png?w=1409&amp;ssl=1 1409w\" sizes=\"auto, (max-width: 721px) 100vw, 721px\" \/><\/figure><\/div>\n\n\n<p><\/p>\n","protected":false},"excerpt":{"rendered":"<p>Rendez-vous \u00e0 la MJC le mercredi de 12h30 \u00e0 14h30 (hors vacances scolaires) pour boire un verre, grignoter, faire un jeu, discuter et se rencontrer ! Le Snack&rsquo;chat est un temps d&rsquo;accueil, de d\u00e9tente et de loisirs, \u00e0 travers diff\u00e9rentes activit\u00e9s et o\u00f9 divers projets peuvent \u00e9merger.L&rsquo;espace permet \u00e9galement aux&#8230;<\/p>\n<p> <a class=\"continue-reading-link\" href=\"https:\/\/mjcloreillecassee.com\/home1\/snackchat\/\"><span>lire la suite<\/span><i class=\"crycon-right-dir\"><\/i><\/a> <\/p>\n","protected":false},"author":4,"featured_media":0,"parent":0,"menu_order":0,"comment_status":"closed","ping_status":"closed","template":"","meta":{"jetpack_post_was_ever_published":false,"footnotes":""},"class_list":["post-7074","page","type-page","status-publish","hentry"],"jetpack_sharing_enabled":true,"jetpack_shortlink":"https:\/\/wp.me\/PaMDLU-1Q6","_links":{"self":[{"href":"https:\/\/mjcloreillecassee.com\/home1\/wp-json\/wp\/v2\/pages\/7074","targetHints":{"allow":["GET"]}}],"collection":[{"href":"https:\/\/mjcloreillecassee.com\/home1\/wp-json\/wp\/v2\/pages"}],"about":[{"href":"https:\/\/mjcloreillecassee.com\/home1\/wp-json\/wp\/v2\/types\/page"}],"author":[{"embeddable":true,"href":"https:\/\/mjcloreillecassee.com\/home1\/wp-json\/wp\/v2\/users\/4"}],"replies":[{"embeddable":true,"href":"https:\/\/mjcloreillecassee.com\/home1\/wp-json\/wp\/v2\/comments?post=7074"}],"version-history":[{"count":1,"href":"https:\/\/mjcloreillecassee.com\/home1\/wp-json\/wp\/v2\/pages\/7074\/revisions"}],"predecessor-version":[{"id":7075,"href":"https:\/\/mjcloreillecassee.com\/home1\/wp-json\/wp\/v2\/pages\/7074\/revisions\/7075"}],"wp:attachment":[{"href":"https:\/\/mjcloreillecassee.com\/home1\/wp-json\/wp\/v2\/media?parent=7074"}],"curies":[{"name":"wp","href":"https:\/\/api.w.org\/{rel}","templated":true}]}}