{"id":76,"date":"2010-11-18T17:19:03","date_gmt":"2010-11-18T15:19:03","guid":{"rendered":"http:\/\/mjc-combs-la-ville.com\/home\/?page_id=76"},"modified":"2025-11-21T11:23:27","modified_gmt":"2025-11-21T10:23:27","slug":"anglais","status":"publish","type":"page","link":"https:\/\/mjcloreillecassee.com\/home1\/anglais\/","title":{"rendered":"<h5 style=\"color: #ffffff;\">Anglais<\/h5>"},"content":{"rendered":"<div class=\"wp-block-image\">\n<figure class=\"aligncenter size-full is-resized\"><img data-recalc-dims=\"1\" loading=\"lazy\" decoding=\"async\" width=\"800\" height=\"300\" src=\"https:\/\/i0.wp.com\/mjcloreillecassee.com\/home1\/wp-content\/uploads\/2025\/11\/OPENSTAGE-22.png?resize=800%2C300&#038;ssl=1\" alt=\"\" class=\"wp-image-6992\" style=\"width:600px;height:auto\" srcset=\"https:\/\/i0.wp.com\/mjcloreillecassee.com\/home1\/wp-content\/uploads\/2025\/11\/OPENSTAGE-22.png?w=800&amp;ssl=1 800w, https:\/\/i0.wp.com\/mjcloreillecassee.com\/home1\/wp-content\/uploads\/2025\/11\/OPENSTAGE-22.png?resize=300%2C113&amp;ssl=1 300w, https:\/\/i0.wp.com\/mjcloreillecassee.com\/home1\/wp-content\/uploads\/2025\/11\/OPENSTAGE-22.png?resize=150%2C56&amp;ssl=1 150w, https:\/\/i0.wp.com\/mjcloreillecassee.com\/home1\/wp-content\/uploads\/2025\/11\/OPENSTAGE-22.png?resize=768%2C288&amp;ssl=1 768w, https:\/\/i0.wp.com\/mjcloreillecassee.com\/home1\/wp-content\/uploads\/2025\/11\/OPENSTAGE-22.png?resize=250%2C94&amp;ssl=1 250w\" sizes=\"auto, (max-width: 800px) 100vw, 800px\" \/><\/figure><\/div>\n\n<p><strong><em>Avec Christelle ORTEGA<\/em><\/strong><\/p>\n<p><strong>Cours anglais :<\/strong><\/p>\n<p>\u00e0 partir de 7 ans \u2013 215 \u20ac &#8211; Le jeudi de 17h00 \u00e0 18h00 ou de 18h00 \u00e0 19h00<br \/>Ados \u2013 215 \u20ac &#8211; Le lundi de 18h00 \u00e0 19h00<\/p>\n<p>Petit \u00e0 petit et avec beaucoup de plaisir on apprend aux enfants les bases de la langue anglaise. Syst\u00e9matiquement avec des le\u00e7ons appropri\u00e9es aux enfants, ainsi qu&rsquo;avec des jeux ou des chansons. <br \/>D\u00e8s le d\u00e9but on les sensibilise pour la prononciation et on apprend des mots et des mots et des mots.<br \/>Le but de ces cours est de leur donner des bases et l&rsquo;oreille pour la langue ainsi que de les rendre curieux \u00e0 d\u00e9couvrir l&rsquo;Anglais dans leur vie quotidienne et \u00e0 l&rsquo;\u00e9cole.<\/p>\n<p><strong>Cours adultes :<\/strong><\/p>\n<ul>\n<li>\u00ab\u00a0Faux d\u00e9butants\u00a0\u00bb &#8211; 295 \u20ac &#8211; Le jeudi de 19h00 \u00e0 20h30<\/li>\n<li>\u00ab\u00a0Interm\u00e9diaires\u00a0\u00bb &#8211; 295 \u20ac &#8211; Le lundi de 19h00 \u00e0 20h30<\/li>\n<\/ul>\n\n\n<p><\/p>\n","protected":false},"excerpt":{"rendered":"<p>Avec Christelle ORTEGA Cours anglais : \u00e0 partir de 7 ans \u2013 215 \u20ac &#8211; Le jeudi de 17h00 \u00e0 18h00 ou de 18h00 \u00e0 19h00Ados \u2013 215 \u20ac &#8211; Le lundi de 18h00 \u00e0 19h00 Petit \u00e0 petit et avec beaucoup de plaisir on apprend aux enfants les bases&#8230;<\/p>\n<p> <a class=\"continue-reading-link\" href=\"https:\/\/mjcloreillecassee.com\/home1\/anglais\/\"><span>lire la suite<\/span><i class=\"crycon-right-dir\"><\/i><\/a> <\/p>\n","protected":false},"author":1,"featured_media":0,"parent":0,"menu_order":7,"comment_status":"closed","ping_status":"open","template":"","meta":{"jetpack_post_was_ever_published":false,"footnotes":""},"class_list":["post-76","page","type-page","status-publish","hentry"],"jetpack_sharing_enabled":true,"jetpack_shortlink":"https:\/\/wp.me\/PaMDLU-1e","_links":{"self":[{"href":"https:\/\/mjcloreillecassee.com\/home1\/wp-json\/wp\/v2\/pages\/76","targetHints":{"allow":["GET"]}}],"collection":[{"href":"https:\/\/mjcloreillecassee.com\/home1\/wp-json\/wp\/v2\/pages"}],"about":[{"href":"https:\/\/mjcloreillecassee.com\/home1\/wp-json\/wp\/v2\/types\/page"}],"author":[{"embeddable":true,"href":"https:\/\/mjcloreillecassee.com\/home1\/wp-json\/wp\/v2\/users\/1"}],"replies":[{"embeddable":true,"href":"https:\/\/mjcloreillecassee.com\/home1\/wp-json\/wp\/v2\/comments?post=76"}],"version-history":[{"count":12,"href":"https:\/\/mjcloreillecassee.com\/home1\/wp-json\/wp\/v2\/pages\/76\/revisions"}],"predecessor-version":[{"id":6997,"href":"https:\/\/mjcloreillecassee.com\/home1\/wp-json\/wp\/v2\/pages\/76\/revisions\/6997"}],"wp:attachment":[{"href":"https:\/\/mjcloreillecassee.com\/home1\/wp-json\/wp\/v2\/media?parent=76"}],"curies":[{"name":"wp","href":"https:\/\/api.w.org\/{rel}","templated":true}]}}