{"id":91,"date":"2010-11-18T17:24:21","date_gmt":"2010-11-18T16:24:21","guid":{"rendered":"http:\/\/mjc-combs-la-ville.com\/home\/?page_id=91"},"modified":"2025-11-20T17:42:29","modified_gmt":"2025-11-20T16:42:29","slug":"modelisme","status":"publish","type":"page","link":"https:\/\/mjcloreillecassee.com\/home1\/les-ateliers\/modelisme\/","title":{"rendered":"<h3 style=\"color: #ffffff;\">Mod\u00e9lisme<\/h3>"},"content":{"rendered":"<div class=\"wp-block-image\">\n<figure class=\"aligncenter size-full is-resized\"><img data-recalc-dims=\"1\" loading=\"lazy\" decoding=\"async\" width=\"800\" height=\"300\" src=\"https:\/\/i0.wp.com\/mjcloreillecassee.com\/home1\/wp-content\/uploads\/2025\/11\/OPENSTAGE-15.png?resize=800%2C300&#038;ssl=1\" alt=\"\" class=\"wp-image-6959\" style=\"width:557px;height:auto\" srcset=\"https:\/\/i0.wp.com\/mjcloreillecassee.com\/home1\/wp-content\/uploads\/2025\/11\/OPENSTAGE-15.png?w=800&amp;ssl=1 800w, https:\/\/i0.wp.com\/mjcloreillecassee.com\/home1\/wp-content\/uploads\/2025\/11\/OPENSTAGE-15.png?resize=300%2C113&amp;ssl=1 300w, https:\/\/i0.wp.com\/mjcloreillecassee.com\/home1\/wp-content\/uploads\/2025\/11\/OPENSTAGE-15.png?resize=150%2C56&amp;ssl=1 150w, https:\/\/i0.wp.com\/mjcloreillecassee.com\/home1\/wp-content\/uploads\/2025\/11\/OPENSTAGE-15.png?resize=768%2C288&amp;ssl=1 768w, https:\/\/i0.wp.com\/mjcloreillecassee.com\/home1\/wp-content\/uploads\/2025\/11\/OPENSTAGE-15.png?resize=250%2C94&amp;ssl=1 250w\" sizes=\"auto, (max-width: 800px) 100vw, 800px\" \/><\/figure><\/div>\n\n<p><em><strong>Avec Michel MARIE<\/strong><\/em><br \/>Public adulte \u2013 55 \u20ac +13\u20ac de cotisation<\/p>\n<p>Mardi et samedi apr\u00e8s-midi \u00e0 partir de 14h \u00e0 l&rsquo;espace Albert Camus (Avenue J. Jaur\u00e8s)\u00a0<\/p>\n<p data-start=\"214\" data-end=\"571\">Les ateliers de mod\u00e9lisme propos\u00e9s par la MJC invitent chacun\u00b7e \u00e0 entrer dans un univers de cr\u00e9ation et de patience, dans un cadre o\u00f9 l\u2019\u00e9change et la transmission occupent une place centrale. Les participant\u00b7e\u00b7s disposent d\u2019un vrai temps pour imaginer, construire et donner forme \u00e0 des projets vari\u00e9s, quels que soient leur \u00e2ge ou leur niveau.<\/p>\n<p data-start=\"573\" data-end=\"1010\">L\u2019atelier explore plusieurs domaines du mod\u00e9lisme : maquettes navales, trains miniatures, constructions LEGO, v\u00e9hicules, dioramas et bien d\u2019autres encore. Les s\u00e9ances alternent entre apprentissage de techniques (assemblage, d\u00e9coupes simples, peinture, montage, cr\u00e9ation de d\u00e9cors) et mise en \u0153uvre de projets personnels. Chaque personne peut ainsi avancer \u00e0 son rythme, accompagn\u00e9e de conseils personnalis\u00e9s et encourag\u00e9e \u00e0 exp\u00e9rimenter.<\/p>\n<p data-start=\"1012\" data-end=\"1347\">Ici, l\u2019objectif n\u2019est pas seulement de fabriquer un mod\u00e8le : il s\u2019agit de d\u00e9velopper le sens de l\u2019observation, la pr\u00e9cision du geste, la pers\u00e9v\u00e9rance et l\u2019esprit d\u2019entraide. Dans cet environnement \u00e0 la fois calme et dynamique, chacun trouve sa place et peut partager son savoir-faire, ses id\u00e9es, ou simplement le plaisir de construire.<\/p>","protected":false},"excerpt":{"rendered":"<p>Avec Michel MARIEPublic adulte \u2013 55 \u20ac +13\u20ac de cotisation Mardi et samedi apr\u00e8s-midi \u00e0 partir de 14h \u00e0 l&rsquo;espace Albert Camus (Avenue J. Jaur\u00e8s)\u00a0 Les ateliers de mod\u00e9lisme propos\u00e9s par la MJC invitent chacun\u00b7e \u00e0 entrer dans un univers de cr\u00e9ation et de patience, dans un cadre o\u00f9 l\u2019\u00e9change&#8230;<\/p>\n<p> <a class=\"continue-reading-link\" href=\"https:\/\/mjcloreillecassee.com\/home1\/les-ateliers\/modelisme\/\"><span>lire la suite<\/span><i class=\"crycon-right-dir\"><\/i><\/a> <\/p>\n","protected":false},"author":1,"featured_media":0,"parent":85,"menu_order":0,"comment_status":"closed","ping_status":"open","template":"","meta":{"footnotes":""},"class_list":["post-91","page","type-page","status-publish","hentry"],"jetpack_sharing_enabled":true,"jetpack_shortlink":"https:\/\/wp.me\/PaMDLU-1t","_links":{"self":[{"href":"https:\/\/mjcloreillecassee.com\/home1\/wp-json\/wp\/v2\/pages\/91","targetHints":{"allow":["GET"]}}],"collection":[{"href":"https:\/\/mjcloreillecassee.com\/home1\/wp-json\/wp\/v2\/pages"}],"about":[{"href":"https:\/\/mjcloreillecassee.com\/home1\/wp-json\/wp\/v2\/types\/page"}],"author":[{"embeddable":true,"href":"https:\/\/mjcloreillecassee.com\/home1\/wp-json\/wp\/v2\/users\/1"}],"replies":[{"embeddable":true,"href":"https:\/\/mjcloreillecassee.com\/home1\/wp-json\/wp\/v2\/comments?post=91"}],"version-history":[{"count":8,"href":"https:\/\/mjcloreillecassee.com\/home1\/wp-json\/wp\/v2\/pages\/91\/revisions"}],"predecessor-version":[{"id":6960,"href":"https:\/\/mjcloreillecassee.com\/home1\/wp-json\/wp\/v2\/pages\/91\/revisions\/6960"}],"up":[{"embeddable":true,"href":"https:\/\/mjcloreillecassee.com\/home1\/wp-json\/wp\/v2\/pages\/85"}],"wp:attachment":[{"href":"https:\/\/mjcloreillecassee.com\/home1\/wp-json\/wp\/v2\/media?parent=91"}],"curies":[{"name":"wp","href":"https:\/\/api.w.org\/{rel}","templated":true}]}}